{"id":182,"date":"2023-03-14T03:46:15","date_gmt":"2023-03-14T03:46:15","guid":{"rendered":"https:\/\/cozystay.loftocean.com\/island-resort\/?page_id=182"},"modified":"2026-03-29T17:04:38","modified_gmt":"2026-03-29T15:04:38","slug":"anfahrt","status":"publish","type":"page","link":"https:\/\/ferienresort-weidelbach.de\/en\/anfahrt\/","title":{"rendered":"Directions"},"content":{"rendered":"<div data-elementor-type=\"wp-page\" data-elementor-id=\"182\" class=\"elementor elementor-182\">\n\t\t\t\t\t\t<section class=\"elementor-section elementor-top-section elementor-element elementor-element-a2554e7 elementor-section-height-min-height cs-section-content-fullwidth cs-parallax-on-scroll cs_scroll_y_80 elementor-section-boxed elementor-section-height-default elementor-section-items-middle\" data-id=\"a2554e7\" data-element_type=\"section\" data-e-type=\"section\" data-settings=\"{&quot;background_background&quot;:&quot;classic&quot;}\" data-cs-parallax-y=\"80\" style=\"background-image: none;\" data-cs-background-image=\"http:\/\/ferienresort-weidelbach.de\/wp-content\/uploads\/2026\/03\/IMG_1590-scaled-e1773601206558.jpg\" data-cs-background-image-alt-text=\"\">\n\t\t\t\t\t\t\t<div class=\"elementor-background-overlay\"><\/div>\n\t\t\t\t\t\t\t<div class=\"elementor-container elementor-column-gap-no\">\n\t\t\t\t\t<div class=\"elementor-column elementor-col-100 elementor-top-column elementor-element elementor-element-4bf78b4 dark-color\" data-id=\"4bf78b4\" data-element_type=\"column\" data-e-type=\"column\">\n\t\t\t<div class=\"elementor-widget-wrap elementor-element-populated\">\n\t\t\t\t\t\t<div class=\"elementor-element elementor-element-023f89d elementor-widget elementor-widget-cs_title\" data-id=\"023f89d\" data-element_type=\"widget\" data-e-type=\"widget\" data-widget_type=\"cs_title.default\">\n\t\t\t\t<div class=\"elementor-widget-container\">\n\t\t\t\t\t\n        <div class=\"cs-title-wrap text-center\">\t            <div class=\"cs-subtitle-wrap\"><span class=\"cs-subtitle color-white\">Here's how to find us easily<\/span><\/div>\t            <h1 class=\"cs-title\">\n\t                Direction &amp; Location\t            <\/h1>\t            <div class=\"cs-title-text\">\n\t                <p>Our vacation resort is situated in a quiet, green setting and is easily accessible by car.\u00a0<\/p>\t            <\/div>        <\/div>\t\t\t\t<\/div>\n\t\t\t\t<\/div>\n\t\t\t\t\t<\/div>\n\t\t<\/div>\n\t\t\t\t\t<\/div>\n\t\t<\/section>\n\t\t\t\t<section class=\"elementor-section elementor-top-section elementor-element elementor-element-9c9ae0a elementor-section-content-middle elementor-section-boxed elementor-section-height-default elementor-section-height-default\" data-id=\"9c9ae0a\" data-element_type=\"section\" data-e-type=\"section\">\n\t\t\t\t\t\t<div class=\"elementor-container elementor-column-gap-no\">\n\t\t\t\t\t<div class=\"elementor-column elementor-col-100 elementor-top-column elementor-element elementor-element-1011061\" data-id=\"1011061\" data-element_type=\"column\" data-e-type=\"column\">\n\t\t\t<div class=\"elementor-widget-wrap elementor-element-populated\">\n\t\t\t\t\t\t<div class=\"elementor-element elementor-element-7245910 elementor-view-default elementor-widget elementor-widget-icon\" data-id=\"7245910\" data-element_type=\"widget\" data-e-type=\"widget\" data-widget_type=\"icon.default\">\n\t\t\t\t\t\t\t<div class=\"elementor-icon-wrapper\">\n\t\t\t<div class=\"elementor-icon\">\n\t\t\t<i aria-hidden=\"true\" class=\"flaticon flaticon-car\"><\/i>\t\t\t<\/div>\n\t\t<\/div>\n\t\t\t\t\t\t<\/div>\n\t\t\t\t<div class=\"elementor-element elementor-element-3911ab6 elementor-widget elementor-widget-cs_title\" data-id=\"3911ab6\" data-element_type=\"widget\" data-e-type=\"widget\" data-widget_type=\"cs_title.default\">\n\t\t\t\t<div class=\"elementor-widget-container\">\n\t\t\t\t\t\n        <div class=\"cs-title-wrap text-center\">\t            <h3 class=\"cs-title\">\n\t                Our Location\t            <\/h3>\t            <div class=\"cs-title-text\">\n\t                <p>Surrounded by nature, yet easily accessible<\/p>\t            <\/div>        <\/div>\t\t\t\t<\/div>\n\t\t\t\t<\/div>\n\t\t\t\t\t<\/div>\n\t\t<\/div>\n\t\t\t\t\t<\/div>\n\t\t<\/section>\n\t\t<div class=\"elementor-element elementor-element-6761adc e-flex e-con-boxed e-con e-parent\" data-id=\"6761adc\" data-element_type=\"container\" data-e-type=\"container\">\n\t\t\t\t\t<div class=\"e-con-inner\">\n\t\t<div class=\"elementor-element elementor-element-3415030 e-con-full e-flex e-con e-child\" data-id=\"3415030\" data-element_type=\"container\" data-e-type=\"container\">\n\t\t\t\t<div class=\"elementor-element elementor-element-5c449a4 elementor-widget elementor-widget-cs_text-editor\" data-id=\"5c449a4\" data-element_type=\"widget\" data-e-type=\"widget\" data-widget_type=\"cs_text-editor.default\">\n\t\t\t\t<div class=\"elementor-widget-container\">\n\t\t\t\t\t<p><strong>Address:<\/strong><\/p><p>Tr\u00e4nkeweg 10-10b, <br \/>34286 Spangenberg<\/p>\t\t\t\t<\/div>\n\t\t\t\t<\/div>\n\t\t\t\t<\/div>\n\t\t\t\t\t<\/div>\n\t\t\t\t<\/div>\n\t\t<div class=\"elementor-element elementor-element-39fa572 e-flex e-con-boxed e-con e-parent\" data-id=\"39fa572\" data-element_type=\"container\" data-e-type=\"container\">\n\t\t\t\t\t<div class=\"e-con-inner\">\n\t\t\t\t<div class=\"elementor-element elementor-element-a9a1813 elementor-widget elementor-widget-google_maps\" data-id=\"a9a1813\" data-element_type=\"widget\" data-e-type=\"widget\" data-widget_type=\"google_maps.default\">\n\t\t\t\t\t\t\t<div class=\"elementor-custom-embed\">\n\t\t\t<iframe loading=\"lazy\"\n\t\t\t\t\tsrc=\"https:\/\/www.google.com\/maps\/embed\/v1\/place?key=AIzaSyAZ1VLFwyHugMRkAakdI1V9T7T-imGFK_Q&#038;q=ferienresort%20weidelbach&#038;zoom=10\"\n\t\t\t\t\ttitle=\"ferienresort weidelbach\"\n\t\t\t\t\taria-label=\"ferienresort weidelbach\"\n\t\t\t><\/iframe>\n\t\t<\/div>\n\t\t\t\t\t\t<\/div>\n\t\t\t\t\t<\/div>\n\t\t\t\t<\/div>\n\t\t<div class=\"elementor-element elementor-element-2717f7a e-flex e-con-boxed e-con e-parent\" data-id=\"2717f7a\" data-element_type=\"container\" data-e-type=\"container\">\n\t\t\t\t\t<div class=\"e-con-inner\">\n\t\t\t\t<div class=\"elementor-element elementor-element-625d29c elementor-icon-list--layout-traditional elementor-list-item-link-full_width elementor-widget elementor-widget-icon-list\" data-id=\"625d29c\" data-element_type=\"widget\" data-e-type=\"widget\" data-widget_type=\"icon-list.default\">\n\t\t\t\t\t\t\t<ul class=\"elementor-icon-list-items\">\n\t\t\t\t\t\t\t<li class=\"elementor-icon-list-item\">\n\t\t\t\t\t\t\t\t\t\t\t<span class=\"elementor-icon-list-icon\">\n\t\t\t\t\t\t\t<i aria-hidden=\"true\" class=\"flaticon flaticon-location\"><\/i>\t\t\t\t\t\t<\/span>\n\t\t\t\t\t\t\t\t\t\t<span class=\"elementor-icon-list-text\">Quiet location in Weidelbach, Spangenberg<\/span>\n\t\t\t\t\t\t\t\t\t<\/li>\n\t\t\t\t\t\t\t\t<li class=\"elementor-icon-list-item\">\n\t\t\t\t\t\t\t\t\t\t\t<span class=\"elementor-icon-list-icon\">\n\t\t\t\t\t\t\t<i aria-hidden=\"true\" class=\"flaticon flaticon-car\"><\/i>\t\t\t\t\t\t<\/span>\n\t\t\t\t\t\t\t\t\t\t<span class=\"elementor-icon-list-text\">Convenient travel by car<\/span>\n\t\t\t\t\t\t\t\t\t<\/li>\n\t\t\t\t\t\t\t\t<li class=\"elementor-icon-list-item\">\n\t\t\t\t\t\t\t\t\t\t\t<span class=\"elementor-icon-list-icon\">\n\t\t\t\t\t\t\t<i aria-hidden=\"true\" class=\"flaticon flaticon-parking-1\"><\/i>\t\t\t\t\t\t<\/span>\n\t\t\t\t\t\t\t\t\t\t<span class=\"elementor-icon-list-text\">Free parking right next to the property<\/span>\n\t\t\t\t\t\t\t\t\t<\/li>\n\t\t\t\t\t\t<\/ul>\n\t\t\t\t\t\t<\/div>\n\t\t\t\t\t<\/div>\n\t\t\t\t<\/div>\n\t\t\t\t<\/div>","protected":false},"excerpt":{"rendered":"<p>So finden Sie uns unkompliziert Anreise &amp; Lage Unsere Ferienanlage liegt ruhig im Gr\u00fcnen und ist bequem mit dem Auto erreichbar.\u00a0 Unsere Lage Mitten im Gr\u00fcnen und doch gut erreichbar Adresse: Tr\u00e4nkeweg 10-10b, 34286 Spangenberg Ruhige Lage in Weidelbach Spangenberg Bequeme Anreise mit dem Auto Kostenlose Parkpl\u00e4tze direkt an der Unterkunft<\/p>","protected":false},"author":1,"featured_media":0,"parent":0,"menu_order":0,"comment_status":"closed","ping_status":"closed","template":"template-wide-content.php","meta":{"cozystay_single_page_hide_site_header":"","cozystay_single_page_site_header_source":"","cozystay_single_page_custom_site_header":"0","cozystay_single_page_custom_sticky_site_header":"0","cozystay_single_page_hide_page_title":"on","cozystay_single_page_header_section_size":"","cozystay_single_page_header_background_color":"","cozystay_single_page_header_background_position_x":"center","cozystay_single_page_header_background_position_y":"center","cozystay_single_page_header_background_size":"cover","cozystay_single_page_header_background_repeat":"off","cozystay_single_page_header_background_scroll":"on","cozystay_single_page_header_text_color":"","cozystay_single_page_header_show_breadcrumb":"","cozystay_single_page_site_footer_hide_main":"","cozystay_single_custom_site_footer_main_source":"","cozystay_single_custom_site_footer_main":"0","cozystay_single_page_site_footer_hide_above":"","cozystay_single_custom_site_footer_above_source":"","cozystay_single_custom_site_footer_above":"0","cozystay_single_page_site_footer_hide_instagram":"","cozystay_single_page_site_footer_hide_bottom":"","cozystay_single_custom_mobile_menu_source":"","cozystay_single_custom_mobile_menu":"0","cozystay_single_custom_mobile_menu_animation":"","cozystay_single_custom_mobile_menu_width":"","cozystay_single_custom_mobile_menu_custom_width":375,"footnotes":""},"class_list":["post-182","page","type-page","status-publish","hentry"],"yoast_head":"<!-- This site is optimized with the Yoast SEO plugin v27.3 - https:\/\/yoast.com\/product\/yoast-seo-wordpress\/ -->\n<title>Anfahrt - Ferienresort Weidelbach<\/title>\n<meta name=\"robots\" content=\"index, follow, max-snippet:-1, max-image-preview:large, max-video-preview:-1\" \/>\n<link rel=\"canonical\" href=\"https:\/\/ferienresort-weidelbach.de\/en\/anfahrt\/\" \/>\n<meta property=\"og:locale\" content=\"en_US\" \/>\n<meta property=\"og:type\" content=\"article\" \/>\n<meta property=\"og:title\" content=\"Anfahrt - Ferienresort Weidelbach\" \/>\n<meta property=\"og:description\" content=\"So finden Sie uns unkompliziert Anreise &amp; Lage Unsere Ferienanlage liegt ruhig im Gr\u00fcnen und ist bequem mit dem Auto erreichbar.\u00a0 Unsere Lage Mitten im Gr\u00fcnen und doch gut erreichbar Adresse: Tr\u00e4nkeweg 10-10b, 34286 Spangenberg Ruhige Lage in Weidelbach Spangenberg Bequeme Anreise mit dem Auto Kostenlose Parkpl\u00e4tze direkt an der Unterkunft\" \/>\n<meta property=\"og:url\" content=\"https:\/\/ferienresort-weidelbach.de\/en\/anfahrt\/\" \/>\n<meta property=\"og:site_name\" content=\"Ferienresort Weidelbach\" \/>\n<meta property=\"article:modified_time\" content=\"2026-03-29T15:04:38+00:00\" \/>\n<meta name=\"twitter:card\" content=\"summary_large_image\" \/>\n<meta name=\"twitter:label1\" content=\"Est. reading time\" \/>\n\t<meta name=\"twitter:data1\" content=\"1 minute\" \/>\n<script type=\"application\/ld+json\" class=\"yoast-schema-graph\">{\"@context\":\"https:\\\/\\\/schema.org\",\"@graph\":[{\"@type\":\"WebPage\",\"@id\":\"https:\\\/\\\/ferienresort-weidelbach.de\\\/anfahrt\\\/\",\"url\":\"https:\\\/\\\/ferienresort-weidelbach.de\\\/anfahrt\\\/\",\"name\":\"Anfahrt - Ferienresort Weidelbach\",\"isPartOf\":{\"@id\":\"https:\\\/\\\/ferienresort-weidelbach.de\\\/#website\"},\"datePublished\":\"2023-03-14T03:46:15+00:00\",\"dateModified\":\"2026-03-29T15:04:38+00:00\",\"breadcrumb\":{\"@id\":\"https:\\\/\\\/ferienresort-weidelbach.de\\\/anfahrt\\\/#breadcrumb\"},\"inLanguage\":\"en-US\",\"potentialAction\":[{\"@type\":\"ReadAction\",\"target\":[\"https:\\\/\\\/ferienresort-weidelbach.de\\\/anfahrt\\\/\"]}]},{\"@type\":\"BreadcrumbList\",\"@id\":\"https:\\\/\\\/ferienresort-weidelbach.de\\\/anfahrt\\\/#breadcrumb\",\"itemListElement\":[{\"@type\":\"ListItem\",\"position\":1,\"name\":\"Home\",\"item\":\"https:\\\/\\\/ferienresort-weidelbach.de\\\/\"},{\"@type\":\"ListItem\",\"position\":2,\"name\":\"Anfahrt\"}]},{\"@type\":\"WebSite\",\"@id\":\"https:\\\/\\\/ferienresort-weidelbach.de\\\/#website\",\"url\":\"https:\\\/\\\/ferienresort-weidelbach.de\\\/\",\"name\":\"Ferienresort Weidelbach\",\"description\":\"\",\"publisher\":{\"@id\":\"https:\\\/\\\/ferienresort-weidelbach.de\\\/#organization\"},\"potentialAction\":[{\"@type\":\"SearchAction\",\"target\":{\"@type\":\"EntryPoint\",\"urlTemplate\":\"https:\\\/\\\/ferienresort-weidelbach.de\\\/?s={search_term_string}\"},\"query-input\":{\"@type\":\"PropertyValueSpecification\",\"valueRequired\":true,\"valueName\":\"search_term_string\"}}],\"inLanguage\":\"en-US\"},{\"@type\":\"Organization\",\"@id\":\"https:\\\/\\\/ferienresort-weidelbach.de\\\/#organization\",\"name\":\"Ferienresort Weidelbach\",\"url\":\"https:\\\/\\\/ferienresort-weidelbach.de\\\/\",\"logo\":{\"@type\":\"ImageObject\",\"inLanguage\":\"en-US\",\"@id\":\"https:\\\/\\\/ferienresort-weidelbach.de\\\/#\\\/schema\\\/logo\\\/image\\\/\",\"url\":\"https:\\\/\\\/ferienresort-weidelbach.de\\\/wp-content\\\/uploads\\\/2023\\\/03\\\/logo-3.png\",\"contentUrl\":\"https:\\\/\\\/ferienresort-weidelbach.de\\\/wp-content\\\/uploads\\\/2023\\\/03\\\/logo-3.png\",\"width\":457,\"height\":91,\"caption\":\"Ferienresort Weidelbach\"},\"image\":{\"@id\":\"https:\\\/\\\/ferienresort-weidelbach.de\\\/#\\\/schema\\\/logo\\\/image\\\/\"}}]}<\/script>\n<!-- \/ Yoast SEO plugin. -->","yoast_head_json":{"title":"Anfahrt - Ferienresort Weidelbach","robots":{"index":"index","follow":"follow","max-snippet":"max-snippet:-1","max-image-preview":"max-image-preview:large","max-video-preview":"max-video-preview:-1"},"canonical":"https:\/\/ferienresort-weidelbach.de\/en\/anfahrt\/","og_locale":"en_US","og_type":"article","og_title":"Anfahrt - Ferienresort Weidelbach","og_description":"So finden Sie uns unkompliziert Anreise &amp; Lage Unsere Ferienanlage liegt ruhig im Gr\u00fcnen und ist bequem mit dem Auto erreichbar.\u00a0 Unsere Lage Mitten im Gr\u00fcnen und doch gut erreichbar Adresse: Tr\u00e4nkeweg 10-10b, 34286 Spangenberg Ruhige Lage in Weidelbach Spangenberg Bequeme Anreise mit dem Auto Kostenlose Parkpl\u00e4tze direkt an der Unterkunft","og_url":"https:\/\/ferienresort-weidelbach.de\/en\/anfahrt\/","og_site_name":"Ferienresort Weidelbach","article_modified_time":"2026-03-29T15:04:38+00:00","twitter_card":"summary_large_image","twitter_misc":{"Est. reading time":"1 minute"},"schema":{"@context":"https:\/\/schema.org","@graph":[{"@type":"WebPage","@id":"https:\/\/ferienresort-weidelbach.de\/anfahrt\/","url":"https:\/\/ferienresort-weidelbach.de\/anfahrt\/","name":"Anfahrt - Ferienresort Weidelbach","isPartOf":{"@id":"https:\/\/ferienresort-weidelbach.de\/#website"},"datePublished":"2023-03-14T03:46:15+00:00","dateModified":"2026-03-29T15:04:38+00:00","breadcrumb":{"@id":"https:\/\/ferienresort-weidelbach.de\/anfahrt\/#breadcrumb"},"inLanguage":"en-US","potentialAction":[{"@type":"ReadAction","target":["https:\/\/ferienresort-weidelbach.de\/anfahrt\/"]}]},{"@type":"BreadcrumbList","@id":"https:\/\/ferienresort-weidelbach.de\/anfahrt\/#breadcrumb","itemListElement":[{"@type":"ListItem","position":1,"name":"Home","item":"https:\/\/ferienresort-weidelbach.de\/"},{"@type":"ListItem","position":2,"name":"Anfahrt"}]},{"@type":"WebSite","@id":"https:\/\/ferienresort-weidelbach.de\/#website","url":"https:\/\/ferienresort-weidelbach.de\/","name":"Ferienresort Weidelbach","description":"","publisher":{"@id":"https:\/\/ferienresort-weidelbach.de\/#organization"},"potentialAction":[{"@type":"SearchAction","target":{"@type":"EntryPoint","urlTemplate":"https:\/\/ferienresort-weidelbach.de\/?s={search_term_string}"},"query-input":{"@type":"PropertyValueSpecification","valueRequired":true,"valueName":"search_term_string"}}],"inLanguage":"en-US"},{"@type":"Organization","@id":"https:\/\/ferienresort-weidelbach.de\/#organization","name":"Ferienresort Weidelbach","url":"https:\/\/ferienresort-weidelbach.de\/","logo":{"@type":"ImageObject","inLanguage":"en-US","@id":"https:\/\/ferienresort-weidelbach.de\/#\/schema\/logo\/image\/","url":"https:\/\/ferienresort-weidelbach.de\/wp-content\/uploads\/2023\/03\/logo-3.png","contentUrl":"https:\/\/ferienresort-weidelbach.de\/wp-content\/uploads\/2023\/03\/logo-3.png","width":457,"height":91,"caption":"Ferienresort Weidelbach"},"image":{"@id":"https:\/\/ferienresort-weidelbach.de\/#\/schema\/logo\/image\/"}}]}},"_links":{"self":[{"href":"https:\/\/ferienresort-weidelbach.de\/en\/wp-json\/wp\/v2\/pages\/182","targetHints":{"allow":["GET"]}}],"collection":[{"href":"https:\/\/ferienresort-weidelbach.de\/en\/wp-json\/wp\/v2\/pages"}],"about":[{"href":"https:\/\/ferienresort-weidelbach.de\/en\/wp-json\/wp\/v2\/types\/page"}],"author":[{"embeddable":true,"href":"https:\/\/ferienresort-weidelbach.de\/en\/wp-json\/wp\/v2\/users\/1"}],"replies":[{"embeddable":true,"href":"https:\/\/ferienresort-weidelbach.de\/en\/wp-json\/wp\/v2\/comments?post=182"}],"version-history":[{"count":45,"href":"https:\/\/ferienresort-weidelbach.de\/en\/wp-json\/wp\/v2\/pages\/182\/revisions"}],"predecessor-version":[{"id":3055,"href":"https:\/\/ferienresort-weidelbach.de\/en\/wp-json\/wp\/v2\/pages\/182\/revisions\/3055"}],"wp:attachment":[{"href":"https:\/\/ferienresort-weidelbach.de\/en\/wp-json\/wp\/v2\/media?parent=182"}],"curies":[{"name":"wp","href":"https:\/\/api.w.org\/{rel}","templated":true}]}}