{"id":2383,"date":"2026-03-14T16:57:26","date_gmt":"2026-03-14T15:57:26","guid":{"rendered":"https:\/\/web01.ferienresort-weidelbach.de\/?page_id=2383"},"modified":"2026-03-14T17:05:16","modified_gmt":"2026-03-14T16:05:16","slug":"impressum","status":"publish","type":"page","link":"https:\/\/ferienresort-weidelbach.de\/en\/impressum\/","title":{"rendered":"Legal Notice"},"content":{"rendered":"<div data-elementor-type=\"wp-page\" data-elementor-id=\"2383\" class=\"elementor elementor-2383\">\n\t\t\t\t<div class=\"elementor-element elementor-element-0aef232 e-flex e-con-boxed e-con e-parent\" data-id=\"0aef232\" data-element_type=\"container\" data-e-type=\"container\">\n\t\t\t\t\t<div class=\"e-con-inner\">\n\t\t\t\t<div class=\"elementor-element elementor-element-a0dd9d4 elementor-widget elementor-widget-cs_text-editor\" data-id=\"a0dd9d4\" data-element_type=\"widget\" data-e-type=\"widget\" data-widget_type=\"cs_text-editor.default\">\n\t\t\t\t<div class=\"elementor-widget-container\">\n\t\t\t\t\t<h1>Legal Notice<\/h1>\n<p>Ferienresort Weidelbach GbR Janice Wei\u00dfenborn und Werner Wei\u00dfenborn<br>Tr\u00e4nkeweg 10-10b<br>34286 Spangenberg<\/p>\n<h3>Represented by:<\/h3>\n<p>Janice Wei\u00dfenborn, Dr. Werner Wei\u00dfenborn<\/p>\n<h3>Contact<\/h3>\n<p class=\"translation-block\">Phone: 01725385873<br>E-Mail: weidelbach2025-1@gmx.de<br>Consumer dispute resolution\/Universal Mediation Service<br>We are neither willing nor obliged to participate in dispute resolution proceedings before a <br>consumer arbitration board.<\/p><p><br>Source: https:\/\/www.e-recht24.de<\/p>\t\t\t\t<\/div>\n\t\t\t\t<\/div>\n\t\t\t\t\t<\/div>\n\t\t\t\t<\/div>\n\t\t\t\t<\/div>","protected":false},"excerpt":{"rendered":"<p>Impressum Ferienresort Weidelbach GbR Janice Wei\u00dfenborn und Werner Wei\u00dfenbornTr\u00e4nkeweg 10-10b34286 Spangenberg Vertreten durch: Janice Wei\u00dfenborn, Dr. Werner Wei\u00dfenborn Kontakt Telefon: 01725385873E-Mail: weidelbach2025-1@gmx.deVerbraucherstreitbeilegung\/UniversalschlichtungsstelleWir sind nicht bereit oder verpflichtet, an Streitbeilegungsverfahren vor einerVerbraucherschlichtungsstelle teilzunehmen. Quelle: https:\/\/www.e-recht24.de<\/p>","protected":false},"author":1,"featured_media":0,"parent":0,"menu_order":0,"comment_status":"closed","ping_status":"closed","template":"","meta":{"cozystay_single_page_hide_site_header":"","cozystay_single_page_site_header_source":"","cozystay_single_page_custom_site_header":"0","cozystay_single_page_custom_sticky_site_header":"0","cozystay_single_page_hide_page_title":"","cozystay_single_page_header_section_size":"","cozystay_single_page_header_background_color":"","cozystay_single_page_header_background_position_x":"center","cozystay_single_page_header_background_position_y":"center","cozystay_single_page_header_background_size":"cover","cozystay_single_page_header_background_repeat":"off","cozystay_single_page_header_background_scroll":"on","cozystay_single_page_header_text_color":"","cozystay_single_page_header_show_breadcrumb":"","cozystay_single_page_site_footer_hide_main":"","cozystay_single_custom_site_footer_main_source":"","cozystay_single_custom_site_footer_main":"0","cozystay_single_page_site_footer_hide_above":"","cozystay_single_custom_site_footer_above_source":"","cozystay_single_custom_site_footer_above":"0","cozystay_single_page_site_footer_hide_instagram":"","cozystay_single_page_site_footer_hide_bottom":"","cozystay_single_custom_mobile_menu_source":"","cozystay_single_custom_mobile_menu":"0","cozystay_single_custom_mobile_menu_animation":"","cozystay_single_custom_mobile_menu_width":"","cozystay_single_custom_mobile_menu_custom_width":375,"footnotes":""},"class_list":["post-2383","page","type-page","status-publish","hentry"],"yoast_head":"<!-- This site is optimized with the Yoast SEO plugin v27.3 - https:\/\/yoast.com\/product\/yoast-seo-wordpress\/ -->\n<title>Impressum - Ferienresort Weidelbach<\/title>\n<meta name=\"robots\" content=\"index, follow, max-snippet:-1, max-image-preview:large, max-video-preview:-1\" \/>\n<link rel=\"canonical\" href=\"https:\/\/ferienresort-weidelbach.de\/en\/impressum\/\" \/>\n<meta property=\"og:locale\" content=\"en_US\" \/>\n<meta property=\"og:type\" content=\"article\" \/>\n<meta property=\"og:title\" content=\"Impressum - Ferienresort Weidelbach\" \/>\n<meta property=\"og:description\" content=\"Impressum Ferienresort Weidelbach GbR Janice Wei\u00dfenborn und Werner Wei\u00dfenbornTr\u00e4nkeweg 10-10b34286 Spangenberg Vertreten durch: Janice Wei\u00dfenborn, Dr. Werner Wei\u00dfenborn Kontakt Telefon: 01725385873E-Mail: weidelbach2025-1@gmx.deVerbraucherstreitbeilegung\/UniversalschlichtungsstelleWir sind nicht bereit oder verpflichtet, an Streitbeilegungsverfahren vor einerVerbraucherschlichtungsstelle teilzunehmen. Quelle: https:\/\/www.e-recht24.de\" \/>\n<meta property=\"og:url\" content=\"https:\/\/ferienresort-weidelbach.de\/en\/impressum\/\" \/>\n<meta property=\"og:site_name\" content=\"Ferienresort Weidelbach\" \/>\n<meta property=\"article:modified_time\" content=\"2026-03-14T16:05:16+00:00\" \/>\n<meta name=\"twitter:card\" content=\"summary_large_image\" \/>\n<meta name=\"twitter:label1\" content=\"Est. reading time\" \/>\n\t<meta name=\"twitter:data1\" content=\"1 minute\" \/>\n<script type=\"application\/ld+json\" class=\"yoast-schema-graph\">{\"@context\":\"https:\\\/\\\/schema.org\",\"@graph\":[{\"@type\":\"WebPage\",\"@id\":\"https:\\\/\\\/ferienresort-weidelbach.de\\\/impressum\\\/\",\"url\":\"https:\\\/\\\/ferienresort-weidelbach.de\\\/impressum\\\/\",\"name\":\"Impressum - Ferienresort Weidelbach\",\"isPartOf\":{\"@id\":\"https:\\\/\\\/ferienresort-weidelbach.de\\\/#website\"},\"datePublished\":\"2026-03-14T15:57:26+00:00\",\"dateModified\":\"2026-03-14T16:05:16+00:00\",\"breadcrumb\":{\"@id\":\"https:\\\/\\\/ferienresort-weidelbach.de\\\/impressum\\\/#breadcrumb\"},\"inLanguage\":\"en-US\",\"potentialAction\":[{\"@type\":\"ReadAction\",\"target\":[\"https:\\\/\\\/ferienresort-weidelbach.de\\\/impressum\\\/\"]}]},{\"@type\":\"BreadcrumbList\",\"@id\":\"https:\\\/\\\/ferienresort-weidelbach.de\\\/impressum\\\/#breadcrumb\",\"itemListElement\":[{\"@type\":\"ListItem\",\"position\":1,\"name\":\"Home\",\"item\":\"https:\\\/\\\/ferienresort-weidelbach.de\\\/\"},{\"@type\":\"ListItem\",\"position\":2,\"name\":\"Impressum\"}]},{\"@type\":\"WebSite\",\"@id\":\"https:\\\/\\\/ferienresort-weidelbach.de\\\/#website\",\"url\":\"https:\\\/\\\/ferienresort-weidelbach.de\\\/\",\"name\":\"Ferienresort Weidelbach\",\"description\":\"\",\"publisher\":{\"@id\":\"https:\\\/\\\/ferienresort-weidelbach.de\\\/#organization\"},\"potentialAction\":[{\"@type\":\"SearchAction\",\"target\":{\"@type\":\"EntryPoint\",\"urlTemplate\":\"https:\\\/\\\/ferienresort-weidelbach.de\\\/?s={search_term_string}\"},\"query-input\":{\"@type\":\"PropertyValueSpecification\",\"valueRequired\":true,\"valueName\":\"search_term_string\"}}],\"inLanguage\":\"en-US\"},{\"@type\":\"Organization\",\"@id\":\"https:\\\/\\\/ferienresort-weidelbach.de\\\/#organization\",\"name\":\"Ferienresort Weidelbach\",\"url\":\"https:\\\/\\\/ferienresort-weidelbach.de\\\/\",\"logo\":{\"@type\":\"ImageObject\",\"inLanguage\":\"en-US\",\"@id\":\"https:\\\/\\\/ferienresort-weidelbach.de\\\/#\\\/schema\\\/logo\\\/image\\\/\",\"url\":\"https:\\\/\\\/ferienresort-weidelbach.de\\\/wp-content\\\/uploads\\\/2023\\\/03\\\/logo-3.png\",\"contentUrl\":\"https:\\\/\\\/ferienresort-weidelbach.de\\\/wp-content\\\/uploads\\\/2023\\\/03\\\/logo-3.png\",\"width\":457,\"height\":91,\"caption\":\"Ferienresort Weidelbach\"},\"image\":{\"@id\":\"https:\\\/\\\/ferienresort-weidelbach.de\\\/#\\\/schema\\\/logo\\\/image\\\/\"}}]}<\/script>\n<!-- \/ Yoast SEO plugin. -->","yoast_head_json":{"title":"Impressum - Ferienresort Weidelbach","robots":{"index":"index","follow":"follow","max-snippet":"max-snippet:-1","max-image-preview":"max-image-preview:large","max-video-preview":"max-video-preview:-1"},"canonical":"https:\/\/ferienresort-weidelbach.de\/en\/impressum\/","og_locale":"en_US","og_type":"article","og_title":"Impressum - Ferienresort Weidelbach","og_description":"Impressum Ferienresort Weidelbach GbR Janice Wei\u00dfenborn und Werner Wei\u00dfenbornTr\u00e4nkeweg 10-10b34286 Spangenberg Vertreten durch: Janice Wei\u00dfenborn, Dr. Werner Wei\u00dfenborn Kontakt Telefon: 01725385873E-Mail: weidelbach2025-1@gmx.deVerbraucherstreitbeilegung\/UniversalschlichtungsstelleWir sind nicht bereit oder verpflichtet, an Streitbeilegungsverfahren vor einerVerbraucherschlichtungsstelle teilzunehmen. Quelle: https:\/\/www.e-recht24.de","og_url":"https:\/\/ferienresort-weidelbach.de\/en\/impressum\/","og_site_name":"Ferienresort Weidelbach","article_modified_time":"2026-03-14T16:05:16+00:00","twitter_card":"summary_large_image","twitter_misc":{"Est. reading time":"1 minute"},"schema":{"@context":"https:\/\/schema.org","@graph":[{"@type":"WebPage","@id":"https:\/\/ferienresort-weidelbach.de\/impressum\/","url":"https:\/\/ferienresort-weidelbach.de\/impressum\/","name":"Impressum - Ferienresort Weidelbach","isPartOf":{"@id":"https:\/\/ferienresort-weidelbach.de\/#website"},"datePublished":"2026-03-14T15:57:26+00:00","dateModified":"2026-03-14T16:05:16+00:00","breadcrumb":{"@id":"https:\/\/ferienresort-weidelbach.de\/impressum\/#breadcrumb"},"inLanguage":"en-US","potentialAction":[{"@type":"ReadAction","target":["https:\/\/ferienresort-weidelbach.de\/impressum\/"]}]},{"@type":"BreadcrumbList","@id":"https:\/\/ferienresort-weidelbach.de\/impressum\/#breadcrumb","itemListElement":[{"@type":"ListItem","position":1,"name":"Home","item":"https:\/\/ferienresort-weidelbach.de\/"},{"@type":"ListItem","position":2,"name":"Impressum"}]},{"@type":"WebSite","@id":"https:\/\/ferienresort-weidelbach.de\/#website","url":"https:\/\/ferienresort-weidelbach.de\/","name":"Ferienresort Weidelbach","description":"","publisher":{"@id":"https:\/\/ferienresort-weidelbach.de\/#organization"},"potentialAction":[{"@type":"SearchAction","target":{"@type":"EntryPoint","urlTemplate":"https:\/\/ferienresort-weidelbach.de\/?s={search_term_string}"},"query-input":{"@type":"PropertyValueSpecification","valueRequired":true,"valueName":"search_term_string"}}],"inLanguage":"en-US"},{"@type":"Organization","@id":"https:\/\/ferienresort-weidelbach.de\/#organization","name":"Ferienresort Weidelbach","url":"https:\/\/ferienresort-weidelbach.de\/","logo":{"@type":"ImageObject","inLanguage":"en-US","@id":"https:\/\/ferienresort-weidelbach.de\/#\/schema\/logo\/image\/","url":"https:\/\/ferienresort-weidelbach.de\/wp-content\/uploads\/2023\/03\/logo-3.png","contentUrl":"https:\/\/ferienresort-weidelbach.de\/wp-content\/uploads\/2023\/03\/logo-3.png","width":457,"height":91,"caption":"Ferienresort Weidelbach"},"image":{"@id":"https:\/\/ferienresort-weidelbach.de\/#\/schema\/logo\/image\/"}}]}},"_links":{"self":[{"href":"https:\/\/ferienresort-weidelbach.de\/en\/wp-json\/wp\/v2\/pages\/2383","targetHints":{"allow":["GET"]}}],"collection":[{"href":"https:\/\/ferienresort-weidelbach.de\/en\/wp-json\/wp\/v2\/pages"}],"about":[{"href":"https:\/\/ferienresort-weidelbach.de\/en\/wp-json\/wp\/v2\/types\/page"}],"author":[{"embeddable":true,"href":"https:\/\/ferienresort-weidelbach.de\/en\/wp-json\/wp\/v2\/users\/1"}],"replies":[{"embeddable":true,"href":"https:\/\/ferienresort-weidelbach.de\/en\/wp-json\/wp\/v2\/comments?post=2383"}],"version-history":[{"count":10,"href":"https:\/\/ferienresort-weidelbach.de\/en\/wp-json\/wp\/v2\/pages\/2383\/revisions"}],"predecessor-version":[{"id":2397,"href":"https:\/\/ferienresort-weidelbach.de\/en\/wp-json\/wp\/v2\/pages\/2383\/revisions\/2397"}],"wp:attachment":[{"href":"https:\/\/ferienresort-weidelbach.de\/en\/wp-json\/wp\/v2\/media?parent=2383"}],"curies":[{"name":"wp","href":"https:\/\/api.w.org\/{rel}","templated":true}]}}