{"id":319,"date":"2023-03-14T14:28:00","date_gmt":"2023-03-14T14:28:00","guid":{"rendered":"https:\/\/cozystay.loftocean.com\/island-resort\/?page_id=319"},"modified":"2026-03-25T18:02:47","modified_gmt":"2026-03-25T17:02:47","slug":"local-activities","status":"publish","type":"page","link":"https:\/\/ferienresort-weidelbach.de\/en\/local-activities\/","title":{"rendered":"Lokale Sehensw\u00fcrdigkeiten"},"content":{"rendered":"<div data-elementor-type=\"wp-page\" data-elementor-id=\"319\" class=\"elementor elementor-319\">\n\t\t\t\t\t\t<section class=\"elementor-section elementor-top-section elementor-element elementor-element-88c3937 elementor-section-height-min-height cs-section-content-fullwidth cs-parallax-on-scroll cs_scroll_y_100 elementor-section-boxed elementor-section-height-default elementor-section-items-middle\" data-id=\"88c3937\" data-element_type=\"section\" data-e-type=\"section\" data-settings=\"{&quot;background_background&quot;:&quot;classic&quot;}\" data-cs-parallax-y=\"100\" style=\"background-image: none;\" data-cs-background-image=\"http:\/\/ferienresort-weidelbach.de\/wp-content\/uploads\/2026\/03\/IMG_1584-scaled.jpg\" data-cs-background-image-alt-text=\"\">\n\t\t\t\t\t\t\t<div class=\"elementor-background-overlay\"><\/div>\n\t\t\t\t\t\t\t<div class=\"elementor-container elementor-column-gap-no\">\n\t\t\t\t\t<div class=\"elementor-column elementor-col-100 elementor-top-column elementor-element elementor-element-140c3f8 dark-color\" data-id=\"140c3f8\" data-element_type=\"column\" data-e-type=\"column\">\n\t\t\t<div class=\"elementor-widget-wrap elementor-element-populated\">\n\t\t\t\t\t\t<div class=\"elementor-element elementor-element-73543ac elementor-widget elementor-widget-cs_title\" data-id=\"73543ac\" data-element_type=\"widget\" data-e-type=\"widget\" data-widget_type=\"cs_title.default\">\n\t\t\t\t<div class=\"elementor-widget-container\">\n\t\t\t\t\t\n        <div class=\"cs-title-wrap text-center\">\t            <div class=\"cs-subtitle-wrap\"><span class=\"cs-subtitle color-white\">Discover the diversity of Northern Hesse\u2014from nature to cuisine<\/span><\/div>\t            <h1 class=\"cs-title\">\n\t                Experience &amp; Enjoy\t            <\/h1>\t            <div class=\"cs-title-text\">\n\t                <p>The best day trips, nature experiences, and restaurants around Weidelbach<\/p>\t            <\/div>        <\/div>\t\t\t\t<\/div>\n\t\t\t\t<\/div>\n\t\t\t\t\t<\/div>\n\t\t<\/div>\n\t\t\t\t\t<\/div>\n\t\t<\/section>\n\t\t<div class=\"elementor-element elementor-element-5d5dcc2 e-flex e-con-boxed e-con e-parent\" data-id=\"5d5dcc2\" data-element_type=\"container\" data-e-type=\"container\">\n\t\t\t\t\t<div class=\"e-con-inner\">\n\t\t\t\t<div class=\"elementor-element elementor-element-45435fa elementor-widget elementor-widget-cs_text-editor\" data-id=\"45435fa\" data-element_type=\"widget\" data-e-type=\"widget\" data-widget_type=\"cs_text-editor.default\">\n\t\t\t\t<div class=\"elementor-widget-container\">\n\t\t\t\t\t<p><strong>Natur &amp; Aktivit\u00e4ten<\/strong><\/p>\t\t\t\t<\/div>\n\t\t\t\t<\/div>\n\t\t\t\t\t<\/div>\n\t\t\t\t<\/div>\n\t\t\t\t<\/div>","protected":false},"excerpt":{"rendered":"<p>Entdecken Sie die Vielfalt Nordhessens &#8211; von Natur bis Kulinarik Erleben &amp; Genie\u00dfen Die sch\u00f6nsten Ausfl\u00fcge, Naturerlebnisse und Restaurants rund um Weidelbach Natur &amp; Aktivit\u00e4ten<\/p>","protected":false},"author":1,"featured_media":0,"parent":0,"menu_order":0,"comment_status":"closed","ping_status":"closed","template":"template-wide-content.php","meta":{"cozystay_single_page_hide_site_header":"","cozystay_single_page_site_header_source":"","cozystay_single_page_custom_site_header":"0","cozystay_single_page_custom_sticky_site_header":"0","cozystay_single_page_hide_page_title":"on","cozystay_single_page_header_section_size":"","cozystay_single_page_header_background_color":"","cozystay_single_page_header_background_position_x":"center","cozystay_single_page_header_background_position_y":"center","cozystay_single_page_header_background_size":"cover","cozystay_single_page_header_background_repeat":"off","cozystay_single_page_header_background_scroll":"on","cozystay_single_page_header_text_color":"","cozystay_single_page_header_show_breadcrumb":"","cozystay_single_page_site_footer_hide_main":"","cozystay_single_custom_site_footer_main_source":"","cozystay_single_custom_site_footer_main":"0","cozystay_single_page_site_footer_hide_above":"","cozystay_single_custom_site_footer_above_source":"","cozystay_single_custom_site_footer_above":"0","cozystay_single_page_site_footer_hide_instagram":"","cozystay_single_page_site_footer_hide_bottom":"","cozystay_single_custom_mobile_menu_source":"","cozystay_single_custom_mobile_menu":"0","cozystay_single_custom_mobile_menu_animation":"","cozystay_single_custom_mobile_menu_width":"","cozystay_single_custom_mobile_menu_custom_width":375,"footnotes":""},"class_list":["post-319","page","type-page","status-publish","hentry"],"yoast_head":"<!-- This site is optimized with the Yoast SEO plugin v27.3 - https:\/\/yoast.com\/product\/yoast-seo-wordpress\/ -->\n<title>Lokale Sehensw\u00fcrdigkeiten - Ferienresort Weidelbach<\/title>\n<meta name=\"robots\" content=\"index, follow, max-snippet:-1, max-image-preview:large, max-video-preview:-1\" \/>\n<link rel=\"canonical\" href=\"https:\/\/ferienresort-weidelbach.de\/en\/local-activities\/\" \/>\n<meta property=\"og:locale\" content=\"en_US\" \/>\n<meta property=\"og:type\" content=\"article\" \/>\n<meta property=\"og:title\" content=\"Lokale Sehensw\u00fcrdigkeiten - Ferienresort Weidelbach\" \/>\n<meta property=\"og:description\" content=\"Entdecken Sie die Vielfalt Nordhessens &#8211; von Natur bis Kulinarik Erleben &amp; Genie\u00dfen Die sch\u00f6nsten Ausfl\u00fcge, Naturerlebnisse und Restaurants rund um Weidelbach Natur &amp; Aktivit\u00e4ten\" \/>\n<meta property=\"og:url\" content=\"https:\/\/ferienresort-weidelbach.de\/en\/local-activities\/\" \/>\n<meta property=\"og:site_name\" content=\"Ferienresort Weidelbach\" \/>\n<meta property=\"article:modified_time\" content=\"2026-03-25T17:02:47+00:00\" \/>\n<meta name=\"twitter:card\" content=\"summary_large_image\" \/>\n<meta name=\"twitter:label1\" content=\"Est. reading time\" \/>\n\t<meta name=\"twitter:data1\" content=\"1 minute\" \/>\n<script type=\"application\/ld+json\" class=\"yoast-schema-graph\">{\"@context\":\"https:\\\/\\\/schema.org\",\"@graph\":[{\"@type\":\"WebPage\",\"@id\":\"https:\\\/\\\/ferienresort-weidelbach.de\\\/local-activities\\\/\",\"url\":\"https:\\\/\\\/ferienresort-weidelbach.de\\\/local-activities\\\/\",\"name\":\"Lokale Sehensw\u00fcrdigkeiten - Ferienresort Weidelbach\",\"isPartOf\":{\"@id\":\"https:\\\/\\\/ferienresort-weidelbach.de\\\/#website\"},\"datePublished\":\"2023-03-14T14:28:00+00:00\",\"dateModified\":\"2026-03-25T17:02:47+00:00\",\"breadcrumb\":{\"@id\":\"https:\\\/\\\/ferienresort-weidelbach.de\\\/local-activities\\\/#breadcrumb\"},\"inLanguage\":\"en-US\",\"potentialAction\":[{\"@type\":\"ReadAction\",\"target\":[\"https:\\\/\\\/ferienresort-weidelbach.de\\\/local-activities\\\/\"]}]},{\"@type\":\"BreadcrumbList\",\"@id\":\"https:\\\/\\\/ferienresort-weidelbach.de\\\/local-activities\\\/#breadcrumb\",\"itemListElement\":[{\"@type\":\"ListItem\",\"position\":1,\"name\":\"Home\",\"item\":\"https:\\\/\\\/ferienresort-weidelbach.de\\\/\"},{\"@type\":\"ListItem\",\"position\":2,\"name\":\"Lokale Sehensw\u00fcrdigkeiten\"}]},{\"@type\":\"WebSite\",\"@id\":\"https:\\\/\\\/ferienresort-weidelbach.de\\\/#website\",\"url\":\"https:\\\/\\\/ferienresort-weidelbach.de\\\/\",\"name\":\"Ferienresort Weidelbach\",\"description\":\"\",\"publisher\":{\"@id\":\"https:\\\/\\\/ferienresort-weidelbach.de\\\/#organization\"},\"potentialAction\":[{\"@type\":\"SearchAction\",\"target\":{\"@type\":\"EntryPoint\",\"urlTemplate\":\"https:\\\/\\\/ferienresort-weidelbach.de\\\/?s={search_term_string}\"},\"query-input\":{\"@type\":\"PropertyValueSpecification\",\"valueRequired\":true,\"valueName\":\"search_term_string\"}}],\"inLanguage\":\"en-US\"},{\"@type\":\"Organization\",\"@id\":\"https:\\\/\\\/ferienresort-weidelbach.de\\\/#organization\",\"name\":\"Ferienresort Weidelbach\",\"url\":\"https:\\\/\\\/ferienresort-weidelbach.de\\\/\",\"logo\":{\"@type\":\"ImageObject\",\"inLanguage\":\"en-US\",\"@id\":\"https:\\\/\\\/ferienresort-weidelbach.de\\\/#\\\/schema\\\/logo\\\/image\\\/\",\"url\":\"https:\\\/\\\/ferienresort-weidelbach.de\\\/wp-content\\\/uploads\\\/2023\\\/03\\\/logo-3.png\",\"contentUrl\":\"https:\\\/\\\/ferienresort-weidelbach.de\\\/wp-content\\\/uploads\\\/2023\\\/03\\\/logo-3.png\",\"width\":457,\"height\":91,\"caption\":\"Ferienresort Weidelbach\"},\"image\":{\"@id\":\"https:\\\/\\\/ferienresort-weidelbach.de\\\/#\\\/schema\\\/logo\\\/image\\\/\"}}]}<\/script>\n<!-- \/ Yoast SEO plugin. -->","yoast_head_json":{"title":"Lokale Sehensw\u00fcrdigkeiten - Ferienresort Weidelbach","robots":{"index":"index","follow":"follow","max-snippet":"max-snippet:-1","max-image-preview":"max-image-preview:large","max-video-preview":"max-video-preview:-1"},"canonical":"https:\/\/ferienresort-weidelbach.de\/en\/local-activities\/","og_locale":"en_US","og_type":"article","og_title":"Lokale Sehensw\u00fcrdigkeiten - Ferienresort Weidelbach","og_description":"Entdecken Sie die Vielfalt Nordhessens &#8211; von Natur bis Kulinarik Erleben &amp; Genie\u00dfen Die sch\u00f6nsten Ausfl\u00fcge, Naturerlebnisse und Restaurants rund um Weidelbach Natur &amp; Aktivit\u00e4ten","og_url":"https:\/\/ferienresort-weidelbach.de\/en\/local-activities\/","og_site_name":"Ferienresort Weidelbach","article_modified_time":"2026-03-25T17:02:47+00:00","twitter_card":"summary_large_image","twitter_misc":{"Est. reading time":"1 minute"},"schema":{"@context":"https:\/\/schema.org","@graph":[{"@type":"WebPage","@id":"https:\/\/ferienresort-weidelbach.de\/local-activities\/","url":"https:\/\/ferienresort-weidelbach.de\/local-activities\/","name":"Lokale Sehensw\u00fcrdigkeiten - Ferienresort Weidelbach","isPartOf":{"@id":"https:\/\/ferienresort-weidelbach.de\/#website"},"datePublished":"2023-03-14T14:28:00+00:00","dateModified":"2026-03-25T17:02:47+00:00","breadcrumb":{"@id":"https:\/\/ferienresort-weidelbach.de\/local-activities\/#breadcrumb"},"inLanguage":"en-US","potentialAction":[{"@type":"ReadAction","target":["https:\/\/ferienresort-weidelbach.de\/local-activities\/"]}]},{"@type":"BreadcrumbList","@id":"https:\/\/ferienresort-weidelbach.de\/local-activities\/#breadcrumb","itemListElement":[{"@type":"ListItem","position":1,"name":"Home","item":"https:\/\/ferienresort-weidelbach.de\/"},{"@type":"ListItem","position":2,"name":"Lokale Sehensw\u00fcrdigkeiten"}]},{"@type":"WebSite","@id":"https:\/\/ferienresort-weidelbach.de\/#website","url":"https:\/\/ferienresort-weidelbach.de\/","name":"Ferienresort Weidelbach","description":"","publisher":{"@id":"https:\/\/ferienresort-weidelbach.de\/#organization"},"potentialAction":[{"@type":"SearchAction","target":{"@type":"EntryPoint","urlTemplate":"https:\/\/ferienresort-weidelbach.de\/?s={search_term_string}"},"query-input":{"@type":"PropertyValueSpecification","valueRequired":true,"valueName":"search_term_string"}}],"inLanguage":"en-US"},{"@type":"Organization","@id":"https:\/\/ferienresort-weidelbach.de\/#organization","name":"Ferienresort Weidelbach","url":"https:\/\/ferienresort-weidelbach.de\/","logo":{"@type":"ImageObject","inLanguage":"en-US","@id":"https:\/\/ferienresort-weidelbach.de\/#\/schema\/logo\/image\/","url":"https:\/\/ferienresort-weidelbach.de\/wp-content\/uploads\/2023\/03\/logo-3.png","contentUrl":"https:\/\/ferienresort-weidelbach.de\/wp-content\/uploads\/2023\/03\/logo-3.png","width":457,"height":91,"caption":"Ferienresort Weidelbach"},"image":{"@id":"https:\/\/ferienresort-weidelbach.de\/#\/schema\/logo\/image\/"}}]}},"_links":{"self":[{"href":"https:\/\/ferienresort-weidelbach.de\/en\/wp-json\/wp\/v2\/pages\/319","targetHints":{"allow":["GET"]}}],"collection":[{"href":"https:\/\/ferienresort-weidelbach.de\/en\/wp-json\/wp\/v2\/pages"}],"about":[{"href":"https:\/\/ferienresort-weidelbach.de\/en\/wp-json\/wp\/v2\/types\/page"}],"author":[{"embeddable":true,"href":"https:\/\/ferienresort-weidelbach.de\/en\/wp-json\/wp\/v2\/users\/1"}],"replies":[{"embeddable":true,"href":"https:\/\/ferienresort-weidelbach.de\/en\/wp-json\/wp\/v2\/comments?post=319"}],"version-history":[{"count":5,"href":"https:\/\/ferienresort-weidelbach.de\/en\/wp-json\/wp\/v2\/pages\/319\/revisions"}],"predecessor-version":[{"id":3001,"href":"https:\/\/ferienresort-weidelbach.de\/en\/wp-json\/wp\/v2\/pages\/319\/revisions\/3001"}],"wp:attachment":[{"href":"https:\/\/ferienresort-weidelbach.de\/en\/wp-json\/wp\/v2\/media?parent=319"}],"curies":[{"name":"wp","href":"https:\/\/api.w.org\/{rel}","templated":true}]}}