{"id":321,"date":"2023-03-14T14:28:45","date_gmt":"2023-03-14T14:28:45","guid":{"rendered":"https:\/\/cozystay.loftocean.com\/island-resort\/?page_id=321"},"modified":"2026-03-29T16:56:27","modified_gmt":"2026-03-29T14:56:27","slug":"events-meetings","status":"publish","type":"page","link":"https:\/\/ferienresort-weidelbach.de\/en\/events-meetings\/","title":{"rendered":"Events &#038; Meetings"},"content":{"rendered":"<div data-elementor-type=\"wp-page\" data-elementor-id=\"321\" class=\"elementor elementor-321\">\n\t\t\t\t\t\t<section class=\"elementor-section elementor-top-section elementor-element elementor-element-27e9867 elementor-section-height-min-height cs-section-content-fullwidth cs-parallax-on-scroll cs_scroll_y_100 elementor-section-boxed elementor-section-height-default elementor-section-items-middle\" data-id=\"27e9867\" data-element_type=\"section\" data-e-type=\"section\" data-settings=\"{&quot;background_background&quot;:&quot;classic&quot;}\" data-cs-parallax-y=\"100\" style=\"background-image: none;\" data-cs-background-image=\"https:\/\/cozystay.loftocean.com\/island-resort\/wp-content\/uploads\/sites\/3\/2023\/05\/rhamely-kbOlsfQ5fPE-unsplash.jpg\" data-cs-background-image-alt-text=\"\">\n\t\t\t\t\t\t\t<div class=\"elementor-background-overlay\"><\/div>\n\t\t\t\t\t\t\t<div class=\"elementor-container elementor-column-gap-no\">\n\t\t\t\t\t<div class=\"elementor-column elementor-col-100 elementor-top-column elementor-element elementor-element-79d0588 dark-color\" data-id=\"79d0588\" data-element_type=\"column\" data-e-type=\"column\">\n\t\t\t<div class=\"elementor-widget-wrap elementor-element-populated\">\n\t\t\t\t\t\t<div class=\"elementor-element elementor-element-c946610 elementor-widget elementor-widget-cs_title\" data-id=\"c946610\" data-element_type=\"widget\" data-e-type=\"widget\" data-widget_type=\"cs_title.default\">\n\t\t\t\t<div class=\"elementor-widget-container\">\n\t\t\t\t\t\n        <div class=\"cs-title-wrap text-center\">\t            <div class=\"cs-subtitle-wrap\"><span class=\"cs-subtitle color-white\">A space where special moments are created<\/span><\/div>\t            <h1 class=\"cs-title\">\n\t                Events &amp; Celebrations\t            <\/h1>\t            <div class=\"cs-title-text\">\n\t                <p>Special occasions deserve a venue that does them justice.<\/p><p>A space that radiates warmth, creates room for gatherings, and puts the moment at the center.<\/p>\t            <\/div>        <\/div>\t\t\t\t<\/div>\n\t\t\t\t<\/div>\n\t\t\t\t\t<\/div>\n\t\t<\/div>\n\t\t\t\t\t<\/div>\n\t\t<\/section>\n\t\t\t\t<section class=\"elementor-section elementor-top-section elementor-element elementor-element-6f2ca20 elementor-section-boxed elementor-section-height-default elementor-section-height-default\" data-id=\"6f2ca20\" data-element_type=\"section\" data-e-type=\"section\">\n\t\t\t\t\t\t<div class=\"elementor-container elementor-column-gap-no\">\n\t\t\t\t\t<div class=\"elementor-column elementor-col-100 elementor-top-column elementor-element elementor-element-fc2b27f\" data-id=\"fc2b27f\" data-element_type=\"column\" data-e-type=\"column\">\n\t\t\t<div class=\"elementor-widget-wrap elementor-element-populated\">\n\t\t\t\t\t\t<div class=\"elementor-element elementor-element-412197a elementor-widget elementor-widget-cs_title\" data-id=\"412197a\" data-element_type=\"widget\" data-e-type=\"widget\" data-widget_type=\"cs_title.default\">\n\t\t\t\t<div class=\"elementor-widget-container\">\n\t\t\t\t\t\n        <div class=\"cs-title-wrap text-center\">\t            <div class=\"cs-subtitle-wrap\"><span class=\"cs-subtitle\">Event space for family gatherings or parties<\/span><\/div>\t            <h3 class=\"cs-title\">\n\t                The perfect setting for your events\t            <\/h3>\t            <div class=\"cs-title-text\">\n\t                <p>The event space is perfect for special occasions: bright, welcoming, and with plenty of room for people to gather. It can accommodate up to 30 guests\u2014ideal for birthdays, seminars, anniversaries, or small family gatherings. With its own kitchen, separate restrooms, and flexible layout, it offers everything you need for a carefree time. A space that not only provides room but also creates an atmosphere. We are always available to assist with reservations.<\/p>\t            <\/div>        <\/div>\t\t\t\t<\/div>\n\t\t\t\t<\/div>\n\t\t\t\t<section class=\"elementor-section elementor-inner-section elementor-element elementor-element-1a114c8 elementor-section-boxed elementor-section-height-default elementor-section-height-default\" data-id=\"1a114c8\" data-element_type=\"section\" data-e-type=\"section\">\n\t\t\t\t\t\t<div class=\"elementor-container elementor-column-gap-no\">\n\t\t\t\t\t<div class=\"elementor-column elementor-col-50 elementor-inner-column elementor-element elementor-element-6e4ee57\" data-id=\"6e4ee57\" data-element_type=\"column\" data-e-type=\"column\">\n\t\t\t<div class=\"elementor-widget-wrap elementor-element-populated\">\n\t\t\t\t\t\t<div class=\"elementor-element elementor-element-f482590 elementor-view-stacked elementor-position-inline-start elementor-widget__width-auto elementor-shape-circle elementor-mobile-position-block-start elementor-widget elementor-widget-icon-box\" data-id=\"f482590\" data-element_type=\"widget\" data-e-type=\"widget\" data-widget_type=\"icon-box.default\">\n\t\t\t\t\t\t\t<div class=\"elementor-icon-box-wrapper\">\n\n\t\t\t\t\t\t<div class=\"elementor-icon-box-icon\">\n\t\t\t\t<span  class=\"elementor-icon\">\n\t\t\t\t<svg aria-hidden=\"true\" class=\"e-font-icon-svg e-fas-phone-alt\" viewbox=\"0 0 512 512\" xmlns=\"http:\/\/www.w3.org\/2000\/svg\"><path d=\"M497.39 361.8l-112-48a24 24 0 0 0-28 6.9l-49.6 60.6A370.66 370.66 0 0 1 130.6 204.11l60.6-49.6a23.94 23.94 0 0 0 6.9-28l-48-112A24.16 24.16 0 0 0 122.6.61l-104 24A24 24 0 0 0 0 48c0 256.5 207.9 464 464 464a24 24 0 0 0 23.4-18.6l24-104a24.29 24.29 0 0 0-14.01-27.6z\"><\/path><\/svg>\t\t\t\t<\/span>\n\t\t\t<\/div>\n\t\t\t\n\t\t\t\t\t\t<div class=\"elementor-icon-box-content\">\n\n\t\t\t\t\t\t\t\t\t<div class=\"elementor-icon-box-title\">\n\t\t\t\t\t\t<span  >\n\t\t\t\t\t\t\tCall us for a quote\t\t\t\t\t\t<\/span>\n\t\t\t\t\t<\/div>\n\t\t\t\t\n\t\t\t\t\t\t\t\t\t<p class=\"elementor-icon-box-description\">\n\t\t\t\t\t\t+49 (0) 172 5385873\t\t\t\t\t<\/p>\n\t\t\t\t\n\t\t\t<\/div>\n\t\t\t\n\t\t<\/div>\n\t\t\t\t\t\t<\/div>\n\t\t\t\t\t<\/div>\n\t\t<\/div>\n\t\t\t\t<div class=\"elementor-column elementor-col-50 elementor-inner-column elementor-element elementor-element-a373a07\" data-id=\"a373a07\" data-element_type=\"column\" data-e-type=\"column\">\n\t\t\t<div class=\"elementor-widget-wrap elementor-element-populated\">\n\t\t\t\t\t\t<div class=\"elementor-element elementor-element-91edd58 elementor-view-stacked elementor-position-inline-start elementor-widget__width-auto elementor-shape-circle elementor-mobile-position-block-start elementor-widget elementor-widget-icon-box\" data-id=\"91edd58\" data-element_type=\"widget\" data-e-type=\"widget\" data-widget_type=\"icon-box.default\">\n\t\t\t\t\t\t\t<div class=\"elementor-icon-box-wrapper\">\n\n\t\t\t\t\t\t<div class=\"elementor-icon-box-icon\">\n\t\t\t\t<span  class=\"elementor-icon\">\n\t\t\t\t<svg aria-hidden=\"true\" class=\"e-font-icon-svg e-far-envelope\" viewbox=\"0 0 512 512\" xmlns=\"http:\/\/www.w3.org\/2000\/svg\"><path d=\"M464 64H48C21.49 64 0 85.49 0 112v288c0 26.51 21.49 48 48 48h416c26.51 0 48-21.49 48-48V112c0-26.51-21.49-48-48-48zm0 48v40.805c-22.422 18.259-58.168 46.651-134.587 106.49-16.841 13.247-50.201 45.072-73.413 44.701-23.208.375-56.579-31.459-73.413-44.701C106.18 199.465 70.425 171.067 48 152.805V112h416zM48 400V214.398c22.914 18.251 55.409 43.862 104.938 82.646 21.857 17.205 60.134 55.186 103.062 54.955 42.717.231 80.509-37.199 103.053-54.947 49.528-38.783 82.032-64.401 104.947-82.653V400H48z\"><\/path><\/svg>\t\t\t\t<\/span>\n\t\t\t<\/div>\n\t\t\t\n\t\t\t\t\t\t<div class=\"elementor-icon-box-content\">\n\n\t\t\t\t\t\t\t\t\t<div class=\"elementor-icon-box-title\">\n\t\t\t\t\t\t<span  >\n\t\t\t\t\t\t\tSend us an email\t\t\t\t\t\t<\/span>\n\t\t\t\t\t<\/div>\n\t\t\t\t\n\t\t\t\t\t\t\t\t\t<p class=\"elementor-icon-box-description\">\n\t\t\t\t\t\tinfo@ferienresort-weidelbach.de\t\t\t\t\t<\/p>\n\t\t\t\t\n\t\t\t<\/div>\n\t\t\t\n\t\t<\/div>\n\t\t\t\t\t\t<\/div>\n\t\t\t\t\t<\/div>\n\t\t<\/div>\n\t\t\t\t\t<\/div>\n\t\t<\/section>\n\t\t\t\t\t<\/div>\n\t\t<\/div>\n\t\t\t\t\t<\/div>\n\t\t<\/section>\n\t\t<div class=\"elementor-element elementor-element-7af3fc5 e-flex e-con-boxed e-con e-parent\" data-id=\"7af3fc5\" data-element_type=\"container\" data-e-type=\"container\">\n\t\t\t\t\t<div class=\"e-con-inner\">\n\t\t\t\t<div class=\"elementor-element elementor-element-a82c312 elementor-widget elementor-widget-cs_gallery\" data-id=\"a82c312\" data-element_type=\"widget\" data-e-type=\"widget\" data-widget_type=\"cs_gallery.default\">\n\t\t\t\t<div class=\"elementor-widget-container\">\n\t\t\t\t\t\n            <div class=\"cs-gallery gap-5 gallery-grid grid-col-3\">\n                <div class=\"cs-gallery-wrap\">                    <div class=\"cs-gallery-item\"><img fetchpriority=\"high\" decoding=\"async\" width=\"2560\" height=\"1920\" src=\"https:\/\/ferienresort-weidelbach.de\/wp-content\/uploads\/2026\/03\/IMG_2380-scaled.jpeg\" class=\"attachment-full size-full wp-image-2770\" alt=\"\" srcset=\"https:\/\/ferienresort-weidelbach.de\/wp-content\/uploads\/2026\/03\/IMG_2380-scaled.jpeg 2560w, https:\/\/ferienresort-weidelbach.de\/wp-content\/uploads\/2026\/03\/IMG_2380-scaled-150x113.jpeg 150w, https:\/\/ferienresort-weidelbach.de\/wp-content\/uploads\/2026\/03\/IMG_2380-600x450.jpeg 600w, https:\/\/ferienresort-weidelbach.de\/wp-content\/uploads\/2026\/03\/IMG_2380-300x225.jpeg 300w, https:\/\/ferienresort-weidelbach.de\/wp-content\/uploads\/2026\/03\/IMG_2380-1024x768.jpeg 1024w, https:\/\/ferienresort-weidelbach.de\/wp-content\/uploads\/2026\/03\/IMG_2380-768x576.jpeg 768w, https:\/\/ferienresort-weidelbach.de\/wp-content\/uploads\/2026\/03\/IMG_2380-1536x1152.jpeg 1536w, https:\/\/ferienresort-weidelbach.de\/wp-content\/uploads\/2026\/03\/IMG_2380-2048x1536.jpeg 2048w, https:\/\/ferienresort-weidelbach.de\/wp-content\/uploads\/2026\/03\/IMG_2380-1920x1440.jpeg 1920w, https:\/\/ferienresort-weidelbach.de\/wp-content\/uploads\/2026\/03\/IMG_2380-1440x1080.jpeg 1440w, https:\/\/ferienresort-weidelbach.de\/wp-content\/uploads\/2026\/03\/IMG_2380-1200x900.jpeg 1200w, https:\/\/ferienresort-weidelbach.de\/wp-content\/uploads\/2026\/03\/IMG_2380-780x585.jpeg 780w, https:\/\/ferienresort-weidelbach.de\/wp-content\/uploads\/2026\/03\/IMG_2380-550x413.jpeg 550w, https:\/\/ferienresort-weidelbach.de\/wp-content\/uploads\/2026\/03\/IMG_2380-370x278.jpeg 370w, https:\/\/ferienresort-weidelbach.de\/wp-content\/uploads\/2026\/03\/IMG_2380-255x191.jpeg 255w\" sizes=\"(max-width: 2560px) 100vw, 2560px\" \/>                    <\/div>                    <div class=\"cs-gallery-item\"><img decoding=\"async\" width=\"2560\" height=\"1920\" src=\"https:\/\/ferienresort-weidelbach.de\/wp-content\/uploads\/2026\/03\/IMG_2383-scaled.jpeg\" class=\"attachment-full size-full wp-image-2774\" alt=\"\" srcset=\"https:\/\/ferienresort-weidelbach.de\/wp-content\/uploads\/2026\/03\/IMG_2383-scaled.jpeg 2560w, https:\/\/ferienresort-weidelbach.de\/wp-content\/uploads\/2026\/03\/IMG_2383-scaled-150x113.jpeg 150w, https:\/\/ferienresort-weidelbach.de\/wp-content\/uploads\/2026\/03\/IMG_2383-600x450.jpeg 600w, https:\/\/ferienresort-weidelbach.de\/wp-content\/uploads\/2026\/03\/IMG_2383-300x225.jpeg 300w, https:\/\/ferienresort-weidelbach.de\/wp-content\/uploads\/2026\/03\/IMG_2383-1024x768.jpeg 1024w, https:\/\/ferienresort-weidelbach.de\/wp-content\/uploads\/2026\/03\/IMG_2383-768x576.jpeg 768w, https:\/\/ferienresort-weidelbach.de\/wp-content\/uploads\/2026\/03\/IMG_2383-1536x1152.jpeg 1536w, https:\/\/ferienresort-weidelbach.de\/wp-content\/uploads\/2026\/03\/IMG_2383-2048x1536.jpeg 2048w, https:\/\/ferienresort-weidelbach.de\/wp-content\/uploads\/2026\/03\/IMG_2383-1920x1440.jpeg 1920w, https:\/\/ferienresort-weidelbach.de\/wp-content\/uploads\/2026\/03\/IMG_2383-1440x1080.jpeg 1440w, https:\/\/ferienresort-weidelbach.de\/wp-content\/uploads\/2026\/03\/IMG_2383-1200x900.jpeg 1200w, https:\/\/ferienresort-weidelbach.de\/wp-content\/uploads\/2026\/03\/IMG_2383-780x585.jpeg 780w, https:\/\/ferienresort-weidelbach.de\/wp-content\/uploads\/2026\/03\/IMG_2383-550x413.jpeg 550w, https:\/\/ferienresort-weidelbach.de\/wp-content\/uploads\/2026\/03\/IMG_2383-370x278.jpeg 370w, https:\/\/ferienresort-weidelbach.de\/wp-content\/uploads\/2026\/03\/IMG_2383-255x191.jpeg 255w\" sizes=\"(max-width: 2560px) 100vw, 2560px\" \/>                    <\/div>                    <div class=\"cs-gallery-item\"><img decoding=\"async\" width=\"2560\" height=\"1920\" src=\"https:\/\/ferienresort-weidelbach.de\/wp-content\/uploads\/2026\/03\/IMG_2381-scaled.jpeg\" class=\"attachment-full size-full wp-image-2772\" alt=\"\" srcset=\"https:\/\/ferienresort-weidelbach.de\/wp-content\/uploads\/2026\/03\/IMG_2381-scaled.jpeg 2560w, https:\/\/ferienresort-weidelbach.de\/wp-content\/uploads\/2026\/03\/IMG_2381-scaled-150x113.jpeg 150w, https:\/\/ferienresort-weidelbach.de\/wp-content\/uploads\/2026\/03\/IMG_2381-600x450.jpeg 600w, https:\/\/ferienresort-weidelbach.de\/wp-content\/uploads\/2026\/03\/IMG_2381-300x225.jpeg 300w, https:\/\/ferienresort-weidelbach.de\/wp-content\/uploads\/2026\/03\/IMG_2381-1024x768.jpeg 1024w, https:\/\/ferienresort-weidelbach.de\/wp-content\/uploads\/2026\/03\/IMG_2381-768x576.jpeg 768w, https:\/\/ferienresort-weidelbach.de\/wp-content\/uploads\/2026\/03\/IMG_2381-1536x1152.jpeg 1536w, https:\/\/ferienresort-weidelbach.de\/wp-content\/uploads\/2026\/03\/IMG_2381-2048x1536.jpeg 2048w, https:\/\/ferienresort-weidelbach.de\/wp-content\/uploads\/2026\/03\/IMG_2381-1920x1440.jpeg 1920w, https:\/\/ferienresort-weidelbach.de\/wp-content\/uploads\/2026\/03\/IMG_2381-1440x1080.jpeg 1440w, https:\/\/ferienresort-weidelbach.de\/wp-content\/uploads\/2026\/03\/IMG_2381-1200x900.jpeg 1200w, https:\/\/ferienresort-weidelbach.de\/wp-content\/uploads\/2026\/03\/IMG_2381-780x585.jpeg 780w, https:\/\/ferienresort-weidelbach.de\/wp-content\/uploads\/2026\/03\/IMG_2381-550x413.jpeg 550w, https:\/\/ferienresort-weidelbach.de\/wp-content\/uploads\/2026\/03\/IMG_2381-370x278.jpeg 370w, https:\/\/ferienresort-weidelbach.de\/wp-content\/uploads\/2026\/03\/IMG_2381-255x191.jpeg 255w\" sizes=\"(max-width: 2560px) 100vw, 2560px\" \/>                    <\/div>                <\/div>\n            <\/div>\t\t\t\t<\/div>\n\t\t\t\t<\/div>\n\t\t\t\t\t<\/div>\n\t\t\t\t<\/div>\n\t\t\t\t<\/div>","protected":false},"excerpt":{"rendered":"<p>Ein Raum, in dem besondere Momente entstehen Veranstaltungen &amp; Feiern Besondere Anl\u00e4sse verdienen einen Ort, der ihnen gerecht wird. Einen Raum, der W\u00e4rme ausstrahlt, Platz f\u00fcr Begegnungen schafft und den Moment in den Mittelpunkt stellt. Veranstaltungsraum f\u00fcr Familienfeiern oder Feste Der perfekte Rahmen f\u00fcr Ihre Veranstaltungen Der Veranstaltungsraum ist wie gemacht f\u00fcr besondere Anl\u00e4sse: hell, &#8230;<\/p>","protected":false},"author":1,"featured_media":0,"parent":0,"menu_order":0,"comment_status":"closed","ping_status":"closed","template":"template-wide-content.php","meta":{"cozystay_single_page_hide_site_header":"","cozystay_single_page_site_header_source":"","cozystay_single_page_custom_site_header":"0","cozystay_single_page_custom_sticky_site_header":"0","cozystay_single_page_hide_page_title":"on","cozystay_single_page_header_section_size":"","cozystay_single_page_header_background_color":"","cozystay_single_page_header_background_position_x":"center","cozystay_single_page_header_background_position_y":"center","cozystay_single_page_header_background_size":"cover","cozystay_single_page_header_background_repeat":"off","cozystay_single_page_header_background_scroll":"on","cozystay_single_page_header_text_color":"","cozystay_single_page_header_show_breadcrumb":"","cozystay_single_page_site_footer_hide_main":"","cozystay_single_custom_site_footer_main_source":"","cozystay_single_custom_site_footer_main":"0","cozystay_single_page_site_footer_hide_above":"","cozystay_single_custom_site_footer_above_source":"","cozystay_single_custom_site_footer_above":"0","cozystay_single_page_site_footer_hide_instagram":"","cozystay_single_page_site_footer_hide_bottom":"","cozystay_single_custom_mobile_menu_source":"","cozystay_single_custom_mobile_menu":"0","cozystay_single_custom_mobile_menu_animation":"","cozystay_single_custom_mobile_menu_width":"","cozystay_single_custom_mobile_menu_custom_width":375,"footnotes":""},"class_list":["post-321","page","type-page","status-publish","hentry"],"yoast_head":"<!-- This site is optimized with the Yoast SEO plugin v27.3 - https:\/\/yoast.com\/product\/yoast-seo-wordpress\/ -->\n<title>Events &amp; Meetings - Ferienresort Weidelbach<\/title>\n<meta name=\"robots\" content=\"index, follow, max-snippet:-1, max-image-preview:large, max-video-preview:-1\" \/>\n<link rel=\"canonical\" href=\"https:\/\/ferienresort-weidelbach.de\/en\/events-meetings\/\" \/>\n<meta property=\"og:locale\" content=\"en_US\" \/>\n<meta property=\"og:type\" content=\"article\" \/>\n<meta property=\"og:title\" content=\"Events &amp; Meetings - Ferienresort Weidelbach\" \/>\n<meta property=\"og:description\" content=\"Ein Raum, in dem besondere Momente entstehen Veranstaltungen &amp; Feiern Besondere Anl\u00e4sse verdienen einen Ort, der ihnen gerecht wird. Einen Raum, der W\u00e4rme ausstrahlt, Platz f\u00fcr Begegnungen schafft und den Moment in den Mittelpunkt stellt. Veranstaltungsraum f\u00fcr Familienfeiern oder Feste Der perfekte Rahmen f\u00fcr Ihre Veranstaltungen Der Veranstaltungsraum ist wie gemacht f\u00fcr besondere Anl\u00e4sse: hell, ...\" \/>\n<meta property=\"og:url\" content=\"https:\/\/ferienresort-weidelbach.de\/en\/events-meetings\/\" \/>\n<meta property=\"og:site_name\" content=\"Ferienresort Weidelbach\" \/>\n<meta property=\"article:modified_time\" content=\"2026-03-29T14:56:27+00:00\" \/>\n<meta property=\"og:image\" content=\"http:\/\/ferienresort-weidelbach.de\/wp-content\/uploads\/2026\/03\/IMG_2380-scaled.jpeg\" \/>\n<meta name=\"twitter:card\" content=\"summary_large_image\" \/>\n<meta name=\"twitter:label1\" content=\"Est. reading time\" \/>\n\t<meta name=\"twitter:data1\" content=\"2 minutes\" \/>\n<script type=\"application\/ld+json\" class=\"yoast-schema-graph\">{\"@context\":\"https:\\\/\\\/schema.org\",\"@graph\":[{\"@type\":\"WebPage\",\"@id\":\"https:\\\/\\\/ferienresort-weidelbach.de\\\/events-meetings\\\/\",\"url\":\"https:\\\/\\\/ferienresort-weidelbach.de\\\/events-meetings\\\/\",\"name\":\"Events & Meetings - Ferienresort Weidelbach\",\"isPartOf\":{\"@id\":\"https:\\\/\\\/ferienresort-weidelbach.de\\\/#website\"},\"primaryImageOfPage\":{\"@id\":\"https:\\\/\\\/ferienresort-weidelbach.de\\\/events-meetings\\\/#primaryimage\"},\"image\":{\"@id\":\"https:\\\/\\\/ferienresort-weidelbach.de\\\/events-meetings\\\/#primaryimage\"},\"thumbnailUrl\":\"http:\\\/\\\/ferienresort-weidelbach.de\\\/wp-content\\\/uploads\\\/2026\\\/03\\\/IMG_2380-scaled.jpeg\",\"datePublished\":\"2023-03-14T14:28:45+00:00\",\"dateModified\":\"2026-03-29T14:56:27+00:00\",\"breadcrumb\":{\"@id\":\"https:\\\/\\\/ferienresort-weidelbach.de\\\/events-meetings\\\/#breadcrumb\"},\"inLanguage\":\"en-US\",\"potentialAction\":[{\"@type\":\"ReadAction\",\"target\":[\"https:\\\/\\\/ferienresort-weidelbach.de\\\/events-meetings\\\/\"]}]},{\"@type\":\"ImageObject\",\"inLanguage\":\"en-US\",\"@id\":\"https:\\\/\\\/ferienresort-weidelbach.de\\\/events-meetings\\\/#primaryimage\",\"url\":\"http:\\\/\\\/ferienresort-weidelbach.de\\\/wp-content\\\/uploads\\\/2026\\\/03\\\/IMG_2380-scaled.jpeg\",\"contentUrl\":\"http:\\\/\\\/ferienresort-weidelbach.de\\\/wp-content\\\/uploads\\\/2026\\\/03\\\/IMG_2380-scaled.jpeg\"},{\"@type\":\"BreadcrumbList\",\"@id\":\"https:\\\/\\\/ferienresort-weidelbach.de\\\/events-meetings\\\/#breadcrumb\",\"itemListElement\":[{\"@type\":\"ListItem\",\"position\":1,\"name\":\"Home\",\"item\":\"https:\\\/\\\/ferienresort-weidelbach.de\\\/\"},{\"@type\":\"ListItem\",\"position\":2,\"name\":\"Events &#038; Meetings\"}]},{\"@type\":\"WebSite\",\"@id\":\"https:\\\/\\\/ferienresort-weidelbach.de\\\/#website\",\"url\":\"https:\\\/\\\/ferienresort-weidelbach.de\\\/\",\"name\":\"Ferienresort Weidelbach\",\"description\":\"\",\"publisher\":{\"@id\":\"https:\\\/\\\/ferienresort-weidelbach.de\\\/#organization\"},\"potentialAction\":[{\"@type\":\"SearchAction\",\"target\":{\"@type\":\"EntryPoint\",\"urlTemplate\":\"https:\\\/\\\/ferienresort-weidelbach.de\\\/?s={search_term_string}\"},\"query-input\":{\"@type\":\"PropertyValueSpecification\",\"valueRequired\":true,\"valueName\":\"search_term_string\"}}],\"inLanguage\":\"en-US\"},{\"@type\":\"Organization\",\"@id\":\"https:\\\/\\\/ferienresort-weidelbach.de\\\/#organization\",\"name\":\"Ferienresort Weidelbach\",\"url\":\"https:\\\/\\\/ferienresort-weidelbach.de\\\/\",\"logo\":{\"@type\":\"ImageObject\",\"inLanguage\":\"en-US\",\"@id\":\"https:\\\/\\\/ferienresort-weidelbach.de\\\/#\\\/schema\\\/logo\\\/image\\\/\",\"url\":\"https:\\\/\\\/ferienresort-weidelbach.de\\\/wp-content\\\/uploads\\\/2023\\\/03\\\/logo-3.png\",\"contentUrl\":\"https:\\\/\\\/ferienresort-weidelbach.de\\\/wp-content\\\/uploads\\\/2023\\\/03\\\/logo-3.png\",\"width\":457,\"height\":91,\"caption\":\"Ferienresort Weidelbach\"},\"image\":{\"@id\":\"https:\\\/\\\/ferienresort-weidelbach.de\\\/#\\\/schema\\\/logo\\\/image\\\/\"}}]}<\/script>\n<!-- \/ Yoast SEO plugin. -->","yoast_head_json":{"title":"Events & Meetings - Ferienresort Weidelbach","robots":{"index":"index","follow":"follow","max-snippet":"max-snippet:-1","max-image-preview":"max-image-preview:large","max-video-preview":"max-video-preview:-1"},"canonical":"https:\/\/ferienresort-weidelbach.de\/en\/events-meetings\/","og_locale":"en_US","og_type":"article","og_title":"Events & Meetings - Ferienresort Weidelbach","og_description":"Ein Raum, in dem besondere Momente entstehen Veranstaltungen &amp; Feiern Besondere Anl\u00e4sse verdienen einen Ort, der ihnen gerecht wird. Einen Raum, der W\u00e4rme ausstrahlt, Platz f\u00fcr Begegnungen schafft und den Moment in den Mittelpunkt stellt. Veranstaltungsraum f\u00fcr Familienfeiern oder Feste Der perfekte Rahmen f\u00fcr Ihre Veranstaltungen Der Veranstaltungsraum ist wie gemacht f\u00fcr besondere Anl\u00e4sse: hell, ...","og_url":"https:\/\/ferienresort-weidelbach.de\/en\/events-meetings\/","og_site_name":"Ferienresort Weidelbach","article_modified_time":"2026-03-29T14:56:27+00:00","og_image":[{"url":"http:\/\/ferienresort-weidelbach.de\/wp-content\/uploads\/2026\/03\/IMG_2380-scaled.jpeg","type":"","width":"","height":""}],"twitter_card":"summary_large_image","twitter_misc":{"Est. reading time":"2 minutes"},"schema":{"@context":"https:\/\/schema.org","@graph":[{"@type":"WebPage","@id":"https:\/\/ferienresort-weidelbach.de\/events-meetings\/","url":"https:\/\/ferienresort-weidelbach.de\/events-meetings\/","name":"Events & Meetings - Ferienresort Weidelbach","isPartOf":{"@id":"https:\/\/ferienresort-weidelbach.de\/#website"},"primaryImageOfPage":{"@id":"https:\/\/ferienresort-weidelbach.de\/events-meetings\/#primaryimage"},"image":{"@id":"https:\/\/ferienresort-weidelbach.de\/events-meetings\/#primaryimage"},"thumbnailUrl":"http:\/\/ferienresort-weidelbach.de\/wp-content\/uploads\/2026\/03\/IMG_2380-scaled.jpeg","datePublished":"2023-03-14T14:28:45+00:00","dateModified":"2026-03-29T14:56:27+00:00","breadcrumb":{"@id":"https:\/\/ferienresort-weidelbach.de\/events-meetings\/#breadcrumb"},"inLanguage":"en-US","potentialAction":[{"@type":"ReadAction","target":["https:\/\/ferienresort-weidelbach.de\/events-meetings\/"]}]},{"@type":"ImageObject","inLanguage":"en-US","@id":"https:\/\/ferienresort-weidelbach.de\/events-meetings\/#primaryimage","url":"http:\/\/ferienresort-weidelbach.de\/wp-content\/uploads\/2026\/03\/IMG_2380-scaled.jpeg","contentUrl":"http:\/\/ferienresort-weidelbach.de\/wp-content\/uploads\/2026\/03\/IMG_2380-scaled.jpeg"},{"@type":"BreadcrumbList","@id":"https:\/\/ferienresort-weidelbach.de\/events-meetings\/#breadcrumb","itemListElement":[{"@type":"ListItem","position":1,"name":"Home","item":"https:\/\/ferienresort-weidelbach.de\/"},{"@type":"ListItem","position":2,"name":"Events &#038; Meetings"}]},{"@type":"WebSite","@id":"https:\/\/ferienresort-weidelbach.de\/#website","url":"https:\/\/ferienresort-weidelbach.de\/","name":"Ferienresort Weidelbach","description":"","publisher":{"@id":"https:\/\/ferienresort-weidelbach.de\/#organization"},"potentialAction":[{"@type":"SearchAction","target":{"@type":"EntryPoint","urlTemplate":"https:\/\/ferienresort-weidelbach.de\/?s={search_term_string}"},"query-input":{"@type":"PropertyValueSpecification","valueRequired":true,"valueName":"search_term_string"}}],"inLanguage":"en-US"},{"@type":"Organization","@id":"https:\/\/ferienresort-weidelbach.de\/#organization","name":"Ferienresort Weidelbach","url":"https:\/\/ferienresort-weidelbach.de\/","logo":{"@type":"ImageObject","inLanguage":"en-US","@id":"https:\/\/ferienresort-weidelbach.de\/#\/schema\/logo\/image\/","url":"https:\/\/ferienresort-weidelbach.de\/wp-content\/uploads\/2023\/03\/logo-3.png","contentUrl":"https:\/\/ferienresort-weidelbach.de\/wp-content\/uploads\/2023\/03\/logo-3.png","width":457,"height":91,"caption":"Ferienresort Weidelbach"},"image":{"@id":"https:\/\/ferienresort-weidelbach.de\/#\/schema\/logo\/image\/"}}]}},"_links":{"self":[{"href":"https:\/\/ferienresort-weidelbach.de\/en\/wp-json\/wp\/v2\/pages\/321","targetHints":{"allow":["GET"]}}],"collection":[{"href":"https:\/\/ferienresort-weidelbach.de\/en\/wp-json\/wp\/v2\/pages"}],"about":[{"href":"https:\/\/ferienresort-weidelbach.de\/en\/wp-json\/wp\/v2\/types\/page"}],"author":[{"embeddable":true,"href":"https:\/\/ferienresort-weidelbach.de\/en\/wp-json\/wp\/v2\/users\/1"}],"replies":[{"embeddable":true,"href":"https:\/\/ferienresort-weidelbach.de\/en\/wp-json\/wp\/v2\/comments?post=321"}],"version-history":[{"count":16,"href":"https:\/\/ferienresort-weidelbach.de\/en\/wp-json\/wp\/v2\/pages\/321\/revisions"}],"predecessor-version":[{"id":3048,"href":"https:\/\/ferienresort-weidelbach.de\/en\/wp-json\/wp\/v2\/pages\/321\/revisions\/3048"}],"wp:attachment":[{"href":"https:\/\/ferienresort-weidelbach.de\/en\/wp-json\/wp\/v2\/media?parent=321"}],"curies":[{"name":"wp","href":"https:\/\/api.w.org\/{rel}","templated":true}]}}