{"id":594,"date":"2023-03-17T07:55:12","date_gmt":"2023-03-17T07:55:12","guid":{"rendered":"https:\/\/cozystay.loftocean.com\/island-resort\/?page_id=594"},"modified":"2026-03-29T17:00:31","modified_gmt":"2026-03-29T15:00:31","slug":"about-the-hotel","status":"publish","type":"page","link":"https:\/\/ferienresort-weidelbach.de\/en\/about-the-hotel\/","title":{"rendered":"About the hotel"},"content":{"rendered":"<div data-elementor-type=\"wp-page\" data-elementor-id=\"594\" class=\"elementor elementor-594\">\n\t\t\t\t\t\t<section class=\"elementor-section elementor-top-section elementor-element elementor-element-223ffc92 elementor-section-height-min-height cs-section-content-fullwidth cs_scroll_y_100 cs-parallax-on-scroll elementor-section-boxed elementor-section-height-default elementor-section-items-middle\" data-id=\"223ffc92\" data-element_type=\"section\" data-e-type=\"section\" data-settings=\"{&quot;background_background&quot;:&quot;classic&quot;}\" data-cs-parallax-y=\"100\" style=\"background-image: none;\" data-cs-background-image=\"http:\/\/ferienresort-weidelbach.de\/wp-content\/uploads\/2026\/03\/IMG_1590-scaled-e1773601206558.jpg\" data-cs-background-image-alt-text=\"\">\n\t\t\t\t\t\t\t<div class=\"elementor-background-overlay\"><\/div>\n\t\t\t\t\t\t\t<div class=\"elementor-container elementor-column-gap-no\">\n\t\t\t\t\t<div class=\"elementor-column elementor-col-100 elementor-top-column elementor-element elementor-element-6755f0d2 dark-color\" data-id=\"6755f0d2\" data-element_type=\"column\" data-e-type=\"column\">\n\t\t\t<div class=\"elementor-widget-wrap elementor-element-populated\">\n\t\t\t\t\t\t<div class=\"elementor-element elementor-element-1efed886 elementor-widget elementor-widget-cs_title\" data-id=\"1efed886\" data-element_type=\"widget\" data-e-type=\"widget\" data-widget_type=\"cs_title.default\">\n\t\t\t\t<div class=\"elementor-widget-container\">\n\t\t\t\t\t\n        <div class=\"cs-title-wrap text-center\">\t            <h1 class=\"cs-title\">\n\t                About the <br>Ferienresort Weidelbach\t            <\/h1>\t            <div class=\"cs-title-text\">\n\t                <p>Your retreat in the countryside<\/p>\t            <\/div>        <\/div>\t\t\t\t<\/div>\n\t\t\t\t<\/div>\n\t\t\t\t\t<\/div>\n\t\t<\/div>\n\t\t\t\t\t<\/div>\n\t\t<\/section>\n\t\t\t\t<section class=\"elementor-section elementor-top-section elementor-element elementor-element-c8d481b cs-section-content-fullwidth elementor-section-boxed elementor-section-height-default elementor-section-height-default\" data-id=\"c8d481b\" data-element_type=\"section\" data-e-type=\"section\" data-settings=\"{&quot;background_background&quot;:&quot;classic&quot;}\">\n\t\t\t\t\t\t<div class=\"elementor-container elementor-column-gap-no\">\n\t\t\t\t\t<div class=\"elementor-column elementor-col-100 elementor-top-column elementor-element elementor-element-d82de7b\" data-id=\"d82de7b\" data-element_type=\"column\" data-e-type=\"column\">\n\t\t\t<div class=\"elementor-widget-wrap elementor-element-populated\">\n\t\t\t\t\t\t<div class=\"elementor-element elementor-element-9f784c3 elementor-view-default elementor-widget elementor-widget-icon\" data-id=\"9f784c3\" data-element_type=\"widget\" data-e-type=\"widget\" data-widget_type=\"icon.default\">\n\t\t\t\t\t\t\t<div class=\"elementor-icon-wrapper\">\n\t\t\t<div class=\"elementor-icon\">\n\t\t\t<i aria-hidden=\"true\" class=\"flaticon flaticon-resort\"><\/i>\t\t\t<\/div>\n\t\t<\/div>\n\t\t\t\t\t\t<\/div>\n\t\t\t\t<div class=\"elementor-element elementor-element-36d5ca3 elementor-widget elementor-widget-cs_title\" data-id=\"36d5ca3\" data-element_type=\"widget\" data-e-type=\"widget\" data-widget_type=\"cs_title.default\">\n\t\t\t\t<div class=\"elementor-widget-container\">\n\t\t\t\t\t\n        <div class=\"cs-title-wrap text-center\">\t            <div class=\"cs-subtitle-wrap\"><span class=\"cs-subtitle\">Welcome to Ferienresort Weidelbach in Spangenberg <\/span><\/div>\t            <h2 class=\"cs-title\">\n\t                In the heart of North Hesse, surrounded by nature and open countryside.\t            <\/h2>\t            <div class=\"cs-title-text\">\n\t                <p>Nestled in the idyllic countryside of northern Hesse, this is the perfect place to unwind and take a deep breath. Our high-quality vacation rentals combine tranquility, nature, and modern comforts for an unforgettable stay.<\/p>\t            <\/div>        <\/div>\t\t\t\t<\/div>\n\t\t\t\t<\/div>\n\t\t\t\t\t<\/div>\n\t\t<\/div>\n\t\t\t\t\t<\/div>\n\t\t<\/section>\n\t\t<div class=\"elementor-element elementor-element-b01bf6c e-flex e-con-boxed e-con e-parent\" data-id=\"b01bf6c\" data-element_type=\"container\" data-e-type=\"container\">\n\t\t\t\t\t<div class=\"e-con-inner\">\n\t\t\t\t<div class=\"elementor-element elementor-element-66060bb elementor-widget elementor-widget-cs_title\" data-id=\"66060bb\" data-element_type=\"widget\" data-e-type=\"widget\" data-widget_type=\"cs_title.default\">\n\t\t\t\t<div class=\"elementor-widget-container\">\n\t\t\t\t\t\n        <div class=\"cs-title-wrap text-center\">\t            <h4 class=\"cs-title\">\n\t                Our History\n\t            <\/h4>        <\/div>\t\t\t\t<\/div>\n\t\t\t\t<\/div>\n\t\t\t\t<div class=\"elementor-element elementor-element-3959af1 elementor-widget elementor-widget-cs_text-editor\" data-id=\"3959af1\" data-element_type=\"widget\" data-e-type=\"widget\" data-widget_type=\"cs_text-editor.default\">\n\t\t\t\t<div class=\"elementor-widget-container\">\n\t\t\t\t\t<p data-start=\"152\" data-end=\"654\">For more than 70 years, this property was home to the farm of <strong data-start=\"227\" data-end=\"260\">Alfred und Irmgard Wei\u00dfenborn<\/strong>, our family\u2019s parents and grandparents. For many decades, life here was shaped by farming and a close connection to nature. Pigs, cows, and chickens roamed the meadows surrounding the farm, while the garden was filled with fruit trees and the family grew their own vegetables. The farm was a place brimming with life, work, and family memories\u2014a home that has brought generations together.<\/p>\t\t\t\t<\/div>\n\t\t\t\t<\/div>\n\t\t\t\t<div class=\"elementor-element elementor-element-cb6e0c4 elementor-widget elementor-widget-cs_image\" data-id=\"cb6e0c4\" data-element_type=\"widget\" data-e-type=\"widget\" data-widget_type=\"cs_image.default\">\n\t\t\t\t<div class=\"elementor-widget-container\">\n\t\t\t\t\t                                        <img fetchpriority=\"high\" decoding=\"async\" width=\"1024\" height=\"1024\" src=\"https:\/\/ferienresort-weidelbach.de\/wp-content\/uploads\/2026\/03\/Scannable-Dokument-10-am-20.12.2020-11_50_11-e1773600107565-1024x1024.jpg\" class=\"attachment-large size-large wp-image-2675\" alt=\"\" srcset=\"https:\/\/ferienresort-weidelbach.de\/wp-content\/uploads\/2026\/03\/Scannable-Dokument-10-am-20.12.2020-11_50_11-e1773600107565-1024x1024.jpg 1024w, https:\/\/ferienresort-weidelbach.de\/wp-content\/uploads\/2026\/03\/Scannable-Dokument-10-am-20.12.2020-11_50_11-e1773600107565-300x300.jpg 300w, https:\/\/ferienresort-weidelbach.de\/wp-content\/uploads\/2026\/03\/Scannable-Dokument-10-am-20.12.2020-11_50_11-e1773600107565-150x150.jpg 150w, https:\/\/ferienresort-weidelbach.de\/wp-content\/uploads\/2026\/03\/Scannable-Dokument-10-am-20.12.2020-11_50_11-e1773600107565-600x600.jpg 600w, https:\/\/ferienresort-weidelbach.de\/wp-content\/uploads\/2026\/03\/Scannable-Dokument-10-am-20.12.2020-11_50_11-e1773600107565-768x768.jpg 768w, https:\/\/ferienresort-weidelbach.de\/wp-content\/uploads\/2026\/03\/Scannable-Dokument-10-am-20.12.2020-11_50_11-e1773600107565-1536x1536.jpg 1536w, https:\/\/ferienresort-weidelbach.de\/wp-content\/uploads\/2026\/03\/Scannable-Dokument-10-am-20.12.2020-11_50_11-e1773600107565-2048x2048.jpg 2048w, https:\/\/ferienresort-weidelbach.de\/wp-content\/uploads\/2026\/03\/Scannable-Dokument-10-am-20.12.2020-11_50_11-e1773600107565-1920x1920.jpg 1920w, https:\/\/ferienresort-weidelbach.de\/wp-content\/uploads\/2026\/03\/Scannable-Dokument-10-am-20.12.2020-11_50_11-e1773600107565-1440x1440.jpg 1440w, https:\/\/ferienresort-weidelbach.de\/wp-content\/uploads\/2026\/03\/Scannable-Dokument-10-am-20.12.2020-11_50_11-e1773600107565-1200x1200.jpg 1200w, https:\/\/ferienresort-weidelbach.de\/wp-content\/uploads\/2026\/03\/Scannable-Dokument-10-am-20.12.2020-11_50_11-e1773600107565-780x780.jpg 780w, https:\/\/ferienresort-weidelbach.de\/wp-content\/uploads\/2026\/03\/Scannable-Dokument-10-am-20.12.2020-11_50_11-e1773600107565-550x550.jpg 550w, https:\/\/ferienresort-weidelbach.de\/wp-content\/uploads\/2026\/03\/Scannable-Dokument-10-am-20.12.2020-11_50_11-e1773600107565-370x370.jpg 370w, https:\/\/ferienresort-weidelbach.de\/wp-content\/uploads\/2026\/03\/Scannable-Dokument-10-am-20.12.2020-11_50_11-e1773600107565-255x255.jpg 255w\" sizes=\"(max-width: 1024px) 100vw, 1024px\" \/>                                            \t\t\t\t<\/div>\n\t\t\t\t<\/div>\n\t\t\t\t<div class=\"elementor-element elementor-element-07b6a37 elementor-widget elementor-widget-cs_text-editor\" data-id=\"07b6a37\" data-element_type=\"widget\" data-e-type=\"widget\" data-widget_type=\"cs_text-editor.default\">\n\t\t\t\t<div class=\"elementor-widget-container\">\n\t\t\t\t\t<p data-start=\"656\" data-end=\"969\">Over time, a desire arose to preserve this special place and its history while also giving it a fresh new look. The tranquility of the landscape and the beauty of the surroundings were to be preserved, while modern and stylish apartments were created where guests could relax and enjoy nature.<\/p><p data-start=\"971\" data-end=\"1349\">In the year <strong data-start=\"988\" data-end=\"996\">2025<\/strong> through the Wei\u00dfenborn family\u2019s old barn and farmhouse <strong data-start=\"1062\" data-end=\"1094\">Werner und Janice Wei\u00dfenborn<\/strong> reimagined and adapted to today\u2019s <strong data-start=\"1129\" data-end=\"1156\">Ferienresort Weidelbach<\/strong> Today, this place blends memories of the past with modern hospitality\u2014so that our guests, too, can experience special moments surrounded by nature.<\/p>\t\t\t\t<\/div>\n\t\t\t\t<\/div>\n\t\t\t\t\t<\/div>\n\t\t\t\t<\/div>\n\t\t<div class=\"elementor-element elementor-element-ab9e7f7 e-flex e-con-boxed e-con e-parent\" data-id=\"ab9e7f7\" data-element_type=\"container\" data-e-type=\"container\">\n\t\t\t\t\t<div class=\"e-con-inner\">\n\t\t\t\t<div class=\"elementor-element elementor-element-35a6f72 elementor-widget elementor-widget-cs_image\" data-id=\"35a6f72\" data-element_type=\"widget\" data-e-type=\"widget\" data-widget_type=\"cs_image.default\">\n\t\t\t\t<div class=\"elementor-widget-container\">\n\t\t\t\t\t                                        <img decoding=\"async\" width=\"1024\" height=\"768\" src=\"https:\/\/ferienresort-weidelbach.de\/wp-content\/uploads\/2026\/03\/IMG_4769-1024x768.jpeg\" class=\"attachment-large size-large wp-image-2348\" alt=\"\" srcset=\"https:\/\/ferienresort-weidelbach.de\/wp-content\/uploads\/2026\/03\/IMG_4769-1024x768.jpeg 1024w, https:\/\/ferienresort-weidelbach.de\/wp-content\/uploads\/2026\/03\/IMG_4769-scaled-150x113.jpeg 150w, https:\/\/ferienresort-weidelbach.de\/wp-content\/uploads\/2026\/03\/IMG_4769-600x450.jpeg 600w, https:\/\/ferienresort-weidelbach.de\/wp-content\/uploads\/2026\/03\/IMG_4769-300x225.jpeg 300w, https:\/\/ferienresort-weidelbach.de\/wp-content\/uploads\/2026\/03\/IMG_4769-768x576.jpeg 768w, https:\/\/ferienresort-weidelbach.de\/wp-content\/uploads\/2026\/03\/IMG_4769-1536x1152.jpeg 1536w, https:\/\/ferienresort-weidelbach.de\/wp-content\/uploads\/2026\/03\/IMG_4769-2048x1536.jpeg 2048w, https:\/\/ferienresort-weidelbach.de\/wp-content\/uploads\/2026\/03\/IMG_4769-1920x1440.jpeg 1920w, https:\/\/ferienresort-weidelbach.de\/wp-content\/uploads\/2026\/03\/IMG_4769-1440x1080.jpeg 1440w, https:\/\/ferienresort-weidelbach.de\/wp-content\/uploads\/2026\/03\/IMG_4769-1200x900.jpeg 1200w, https:\/\/ferienresort-weidelbach.de\/wp-content\/uploads\/2026\/03\/IMG_4769-780x585.jpeg 780w, https:\/\/ferienresort-weidelbach.de\/wp-content\/uploads\/2026\/03\/IMG_4769-550x412.jpeg 550w, https:\/\/ferienresort-weidelbach.de\/wp-content\/uploads\/2026\/03\/IMG_4769-370x278.jpeg 370w, https:\/\/ferienresort-weidelbach.de\/wp-content\/uploads\/2026\/03\/IMG_4769-255x191.jpeg 255w\" sizes=\"(max-width: 1024px) 100vw, 1024px\" \/>                                            \t\t\t\t<\/div>\n\t\t\t\t<\/div>\n\t\t\t\t\t<\/div>\n\t\t\t\t<\/div>\n\t\t\t\t<\/div>","protected":false},"excerpt":{"rendered":"<p>\u00dcber das Ferienresort Weidelbach Ihr R\u00fcckzugsort im Gr\u00fcnen Willkommen im Ferienresort Weidelbach in Spangenberg Im Herzen Nordhessens, umgeben von Natur und weiter Landschaft. Mitten in der idyllischen Landschaft Nordhessens erwartet Sie ein Ort zum Abschalten und Durchatmen. Unsere hochwertigen Ferienunterk\u00fcnfte verbinden Ruhe, Natur und modernen Komfort f\u00fcr einen unvergesslichen Aufenthalt. Unsere Geschichte \u00dcber mehr als &#8230;<\/p>","protected":false},"author":1,"featured_media":2343,"parent":0,"menu_order":0,"comment_status":"closed","ping_status":"closed","template":"template-wide-content.php","meta":{"cozystay_single_page_hide_site_header":"","cozystay_single_page_site_header_source":"","cozystay_single_page_custom_site_header":"0","cozystay_single_page_custom_sticky_site_header":"0","cozystay_single_page_hide_page_title":"on","cozystay_single_page_header_section_size":"","cozystay_single_page_header_background_color":"","cozystay_single_page_header_background_position_x":"center","cozystay_single_page_header_background_position_y":"center","cozystay_single_page_header_background_size":"cover","cozystay_single_page_header_background_repeat":"off","cozystay_single_page_header_background_scroll":"on","cozystay_single_page_header_text_color":"","cozystay_single_page_header_show_breadcrumb":"","cozystay_single_page_site_footer_hide_main":"","cozystay_single_custom_site_footer_main_source":"","cozystay_single_custom_site_footer_main":"0","cozystay_single_page_site_footer_hide_above":"","cozystay_single_custom_site_footer_above_source":"","cozystay_single_custom_site_footer_above":"0","cozystay_single_page_site_footer_hide_instagram":"","cozystay_single_page_site_footer_hide_bottom":"","cozystay_single_custom_mobile_menu_source":"","cozystay_single_custom_mobile_menu":"0","cozystay_single_custom_mobile_menu_animation":"","cozystay_single_custom_mobile_menu_width":"","cozystay_single_custom_mobile_menu_custom_width":375,"footnotes":""},"class_list":["post-594","page","type-page","status-publish","has-post-thumbnail","hentry"],"yoast_head":"<!-- This site is optimized with the Yoast SEO plugin v27.3 - https:\/\/yoast.com\/product\/yoast-seo-wordpress\/ -->\n<title>About the hotel - Ferienresort Weidelbach<\/title>\n<meta name=\"robots\" content=\"index, follow, max-snippet:-1, max-image-preview:large, max-video-preview:-1\" \/>\n<link rel=\"canonical\" href=\"https:\/\/ferienresort-weidelbach.de\/en\/about-the-hotel\/\" \/>\n<meta property=\"og:locale\" content=\"en_US\" \/>\n<meta property=\"og:type\" content=\"article\" \/>\n<meta property=\"og:title\" content=\"About the hotel - Ferienresort Weidelbach\" \/>\n<meta property=\"og:description\" content=\"\u00dcber das Ferienresort Weidelbach Ihr R\u00fcckzugsort im Gr\u00fcnen Willkommen im Ferienresort Weidelbach in Spangenberg Im Herzen Nordhessens, umgeben von Natur und weiter Landschaft. Mitten in der idyllischen Landschaft Nordhessens erwartet Sie ein Ort zum Abschalten und Durchatmen. Unsere hochwertigen Ferienunterk\u00fcnfte verbinden Ruhe, Natur und modernen Komfort f\u00fcr einen unvergesslichen Aufenthalt. Unsere Geschichte \u00dcber mehr als ...\" \/>\n<meta property=\"og:url\" content=\"https:\/\/ferienresort-weidelbach.de\/en\/about-the-hotel\/\" \/>\n<meta property=\"og:site_name\" content=\"Ferienresort Weidelbach\" \/>\n<meta property=\"article:modified_time\" content=\"2026-03-29T15:00:31+00:00\" \/>\n<meta property=\"og:image\" content=\"https:\/\/ferienresort-weidelbach.de\/wp-content\/uploads\/2026\/03\/IMG_1590-scaled-e1773601206558.jpg\" \/>\n\t<meta property=\"og:image:width\" content=\"2560\" \/>\n\t<meta property=\"og:image:height\" content=\"768\" \/>\n\t<meta property=\"og:image:type\" content=\"image\/jpeg\" \/>\n<meta name=\"twitter:card\" content=\"summary_large_image\" \/>\n<meta name=\"twitter:label1\" content=\"Est. reading time\" \/>\n\t<meta name=\"twitter:data1\" content=\"2 minutes\" \/>\n<script type=\"application\/ld+json\" class=\"yoast-schema-graph\">{\"@context\":\"https:\\\/\\\/schema.org\",\"@graph\":[{\"@type\":\"WebPage\",\"@id\":\"https:\\\/\\\/ferienresort-weidelbach.de\\\/about-the-hotel\\\/\",\"url\":\"https:\\\/\\\/ferienresort-weidelbach.de\\\/about-the-hotel\\\/\",\"name\":\"About the hotel - Ferienresort Weidelbach\",\"isPartOf\":{\"@id\":\"https:\\\/\\\/ferienresort-weidelbach.de\\\/#website\"},\"primaryImageOfPage\":{\"@id\":\"https:\\\/\\\/ferienresort-weidelbach.de\\\/about-the-hotel\\\/#primaryimage\"},\"image\":{\"@id\":\"https:\\\/\\\/ferienresort-weidelbach.de\\\/about-the-hotel\\\/#primaryimage\"},\"thumbnailUrl\":\"https:\\\/\\\/ferienresort-weidelbach.de\\\/wp-content\\\/uploads\\\/2026\\\/03\\\/IMG_1590-scaled-e1773601206558.jpg\",\"datePublished\":\"2023-03-17T07:55:12+00:00\",\"dateModified\":\"2026-03-29T15:00:31+00:00\",\"breadcrumb\":{\"@id\":\"https:\\\/\\\/ferienresort-weidelbach.de\\\/about-the-hotel\\\/#breadcrumb\"},\"inLanguage\":\"en-US\",\"potentialAction\":[{\"@type\":\"ReadAction\",\"target\":[\"https:\\\/\\\/ferienresort-weidelbach.de\\\/about-the-hotel\\\/\"]}]},{\"@type\":\"ImageObject\",\"inLanguage\":\"en-US\",\"@id\":\"https:\\\/\\\/ferienresort-weidelbach.de\\\/about-the-hotel\\\/#primaryimage\",\"url\":\"https:\\\/\\\/ferienresort-weidelbach.de\\\/wp-content\\\/uploads\\\/2026\\\/03\\\/IMG_1590-scaled-e1773601206558.jpg\",\"contentUrl\":\"https:\\\/\\\/ferienresort-weidelbach.de\\\/wp-content\\\/uploads\\\/2026\\\/03\\\/IMG_1590-scaled-e1773601206558.jpg\",\"width\":2560,\"height\":768},{\"@type\":\"BreadcrumbList\",\"@id\":\"https:\\\/\\\/ferienresort-weidelbach.de\\\/about-the-hotel\\\/#breadcrumb\",\"itemListElement\":[{\"@type\":\"ListItem\",\"position\":1,\"name\":\"Home\",\"item\":\"https:\\\/\\\/ferienresort-weidelbach.de\\\/\"},{\"@type\":\"ListItem\",\"position\":2,\"name\":\"About the hotel\"}]},{\"@type\":\"WebSite\",\"@id\":\"https:\\\/\\\/ferienresort-weidelbach.de\\\/#website\",\"url\":\"https:\\\/\\\/ferienresort-weidelbach.de\\\/\",\"name\":\"Ferienresort Weidelbach\",\"description\":\"\",\"publisher\":{\"@id\":\"https:\\\/\\\/ferienresort-weidelbach.de\\\/#organization\"},\"potentialAction\":[{\"@type\":\"SearchAction\",\"target\":{\"@type\":\"EntryPoint\",\"urlTemplate\":\"https:\\\/\\\/ferienresort-weidelbach.de\\\/?s={search_term_string}\"},\"query-input\":{\"@type\":\"PropertyValueSpecification\",\"valueRequired\":true,\"valueName\":\"search_term_string\"}}],\"inLanguage\":\"en-US\"},{\"@type\":\"Organization\",\"@id\":\"https:\\\/\\\/ferienresort-weidelbach.de\\\/#organization\",\"name\":\"Ferienresort Weidelbach\",\"url\":\"https:\\\/\\\/ferienresort-weidelbach.de\\\/\",\"logo\":{\"@type\":\"ImageObject\",\"inLanguage\":\"en-US\",\"@id\":\"https:\\\/\\\/ferienresort-weidelbach.de\\\/#\\\/schema\\\/logo\\\/image\\\/\",\"url\":\"https:\\\/\\\/ferienresort-weidelbach.de\\\/wp-content\\\/uploads\\\/2023\\\/03\\\/logo-3.png\",\"contentUrl\":\"https:\\\/\\\/ferienresort-weidelbach.de\\\/wp-content\\\/uploads\\\/2023\\\/03\\\/logo-3.png\",\"width\":457,\"height\":91,\"caption\":\"Ferienresort Weidelbach\"},\"image\":{\"@id\":\"https:\\\/\\\/ferienresort-weidelbach.de\\\/#\\\/schema\\\/logo\\\/image\\\/\"}}]}<\/script>\n<!-- \/ Yoast SEO plugin. -->","yoast_head_json":{"title":"About the hotel - Ferienresort Weidelbach","robots":{"index":"index","follow":"follow","max-snippet":"max-snippet:-1","max-image-preview":"max-image-preview:large","max-video-preview":"max-video-preview:-1"},"canonical":"https:\/\/ferienresort-weidelbach.de\/en\/about-the-hotel\/","og_locale":"en_US","og_type":"article","og_title":"About the hotel - Ferienresort Weidelbach","og_description":"\u00dcber das Ferienresort Weidelbach Ihr R\u00fcckzugsort im Gr\u00fcnen Willkommen im Ferienresort Weidelbach in Spangenberg Im Herzen Nordhessens, umgeben von Natur und weiter Landschaft. Mitten in der idyllischen Landschaft Nordhessens erwartet Sie ein Ort zum Abschalten und Durchatmen. Unsere hochwertigen Ferienunterk\u00fcnfte verbinden Ruhe, Natur und modernen Komfort f\u00fcr einen unvergesslichen Aufenthalt. Unsere Geschichte \u00dcber mehr als ...","og_url":"https:\/\/ferienresort-weidelbach.de\/en\/about-the-hotel\/","og_site_name":"Ferienresort Weidelbach","article_modified_time":"2026-03-29T15:00:31+00:00","og_image":[{"width":2560,"height":768,"url":"https:\/\/ferienresort-weidelbach.de\/wp-content\/uploads\/2026\/03\/IMG_1590-scaled-e1773601206558.jpg","type":"image\/jpeg"}],"twitter_card":"summary_large_image","twitter_misc":{"Est. reading time":"2 minutes"},"schema":{"@context":"https:\/\/schema.org","@graph":[{"@type":"WebPage","@id":"https:\/\/ferienresort-weidelbach.de\/about-the-hotel\/","url":"https:\/\/ferienresort-weidelbach.de\/about-the-hotel\/","name":"About the hotel - Ferienresort Weidelbach","isPartOf":{"@id":"https:\/\/ferienresort-weidelbach.de\/#website"},"primaryImageOfPage":{"@id":"https:\/\/ferienresort-weidelbach.de\/about-the-hotel\/#primaryimage"},"image":{"@id":"https:\/\/ferienresort-weidelbach.de\/about-the-hotel\/#primaryimage"},"thumbnailUrl":"https:\/\/ferienresort-weidelbach.de\/wp-content\/uploads\/2026\/03\/IMG_1590-scaled-e1773601206558.jpg","datePublished":"2023-03-17T07:55:12+00:00","dateModified":"2026-03-29T15:00:31+00:00","breadcrumb":{"@id":"https:\/\/ferienresort-weidelbach.de\/about-the-hotel\/#breadcrumb"},"inLanguage":"en-US","potentialAction":[{"@type":"ReadAction","target":["https:\/\/ferienresort-weidelbach.de\/about-the-hotel\/"]}]},{"@type":"ImageObject","inLanguage":"en-US","@id":"https:\/\/ferienresort-weidelbach.de\/about-the-hotel\/#primaryimage","url":"https:\/\/ferienresort-weidelbach.de\/wp-content\/uploads\/2026\/03\/IMG_1590-scaled-e1773601206558.jpg","contentUrl":"https:\/\/ferienresort-weidelbach.de\/wp-content\/uploads\/2026\/03\/IMG_1590-scaled-e1773601206558.jpg","width":2560,"height":768},{"@type":"BreadcrumbList","@id":"https:\/\/ferienresort-weidelbach.de\/about-the-hotel\/#breadcrumb","itemListElement":[{"@type":"ListItem","position":1,"name":"Home","item":"https:\/\/ferienresort-weidelbach.de\/"},{"@type":"ListItem","position":2,"name":"About the hotel"}]},{"@type":"WebSite","@id":"https:\/\/ferienresort-weidelbach.de\/#website","url":"https:\/\/ferienresort-weidelbach.de\/","name":"Ferienresort Weidelbach","description":"","publisher":{"@id":"https:\/\/ferienresort-weidelbach.de\/#organization"},"potentialAction":[{"@type":"SearchAction","target":{"@type":"EntryPoint","urlTemplate":"https:\/\/ferienresort-weidelbach.de\/?s={search_term_string}"},"query-input":{"@type":"PropertyValueSpecification","valueRequired":true,"valueName":"search_term_string"}}],"inLanguage":"en-US"},{"@type":"Organization","@id":"https:\/\/ferienresort-weidelbach.de\/#organization","name":"Ferienresort Weidelbach","url":"https:\/\/ferienresort-weidelbach.de\/","logo":{"@type":"ImageObject","inLanguage":"en-US","@id":"https:\/\/ferienresort-weidelbach.de\/#\/schema\/logo\/image\/","url":"https:\/\/ferienresort-weidelbach.de\/wp-content\/uploads\/2023\/03\/logo-3.png","contentUrl":"https:\/\/ferienresort-weidelbach.de\/wp-content\/uploads\/2023\/03\/logo-3.png","width":457,"height":91,"caption":"Ferienresort Weidelbach"},"image":{"@id":"https:\/\/ferienresort-weidelbach.de\/#\/schema\/logo\/image\/"}}]}},"_links":{"self":[{"href":"https:\/\/ferienresort-weidelbach.de\/en\/wp-json\/wp\/v2\/pages\/594","targetHints":{"allow":["GET"]}}],"collection":[{"href":"https:\/\/ferienresort-weidelbach.de\/en\/wp-json\/wp\/v2\/pages"}],"about":[{"href":"https:\/\/ferienresort-weidelbach.de\/en\/wp-json\/wp\/v2\/types\/page"}],"author":[{"embeddable":true,"href":"https:\/\/ferienresort-weidelbach.de\/en\/wp-json\/wp\/v2\/users\/1"}],"replies":[{"embeddable":true,"href":"https:\/\/ferienresort-weidelbach.de\/en\/wp-json\/wp\/v2\/comments?post=594"}],"version-history":[{"count":25,"href":"https:\/\/ferienresort-weidelbach.de\/en\/wp-json\/wp\/v2\/pages\/594\/revisions"}],"predecessor-version":[{"id":3052,"href":"https:\/\/ferienresort-weidelbach.de\/en\/wp-json\/wp\/v2\/pages\/594\/revisions\/3052"}],"wp:featuredmedia":[{"embeddable":true,"href":"https:\/\/ferienresort-weidelbach.de\/en\/wp-json\/wp\/v2\/media\/2343"}],"wp:attachment":[{"href":"https:\/\/ferienresort-weidelbach.de\/en\/wp-json\/wp\/v2\/media?parent=594"}],"curies":[{"name":"wp","href":"https:\/\/api.w.org\/{rel}","templated":true}]}}